{"id":9828,"date":"2025-03-25T13:44:35","date_gmt":"2025-03-25T13:44:35","guid":{"rendered":"https:\/\/b36oyymf.myrdbx.io\/?page_id=9828"},"modified":"2025-03-27T18:24:45","modified_gmt":"2025-03-27T18:24:45","slug":"teilnahmebedingungen-ostergewinnspiel","status":"publish","type":"page","link":"https:\/\/linden-gut.eu\/de\/teilnahmebedingungen-ostergewinnspiel\/","title":{"rendered":"Teilnahmebedingungen Ostergewinnspiel"},"content":{"rendered":"\t\t<div data-elementor-type=\"wp-page\" data-elementor-id=\"9828\" class=\"elementor elementor-9828\" data-elementor-post-type=\"page\">\n\t\t\t\t\t\t<section class=\"elementor-section elementor-top-section elementor-element elementor-element-f24f848 elementor-section-boxed elementor-section-height-default elementor-section-height-default\" data-id=\"f24f848\" data-element_type=\"section\" data-settings=\"{&quot;background_background&quot;:&quot;classic&quot;}\">\n\t\t\t\t\t\t<div class=\"elementor-container elementor-column-gap-default\">\n\t\t\t\t\t<div class=\"elementor-column elementor-col-100 elementor-top-column elementor-element elementor-element-94b3a69\" data-id=\"94b3a69\" data-element_type=\"column\">\n\t\t\t<div class=\"elementor-widget-wrap elementor-element-populated\">\n\t\t\t\t\t\t<div class=\"elementor-element elementor-element-e51088d elementor-widget elementor-widget-spacer\" data-id=\"e51088d\" data-element_type=\"widget\" data-widget_type=\"spacer.default\">\n\t\t\t\t<div class=\"elementor-widget-container\">\n\t\t\t\t\t\t\t<div class=\"elementor-spacer\">\n\t\t\t<div class=\"elementor-spacer-inner\"><\/div>\n\t\t<\/div>\n\t\t\t\t\t\t<\/div>\n\t\t\t\t<\/div>\n\t\t\t\t<div class=\"elementor-element elementor-element-ff16831 elementor-widget elementor-widget-heading\" data-id=\"ff16831\" data-element_type=\"widget\" data-widget_type=\"heading.default\">\n\t\t\t\t<div class=\"elementor-widget-container\">\n\t\t\t\t\t<h2 class=\"elementor-heading-title elementor-size-default\">Teilnahmebedingungen f\u00fcr das Oster-Gewinnspiel 2025<\/h2>\t\t\t\t<\/div>\n\t\t\t\t<\/div>\n\t\t\t\t<div class=\"elementor-element elementor-element-6def65f elementor-widget elementor-widget-text-editor\" data-id=\"6def65f\" data-element_type=\"widget\" data-widget_type=\"text-editor.default\">\n\t\t\t\t<div class=\"elementor-widget-container\">\n\t\t\t\t\t\t\t\t\t<p>Die Teilnahme am Oster-Gewinnspiel \u201e<a href=\"https:\/\/www.linden-gut.eu\/de\/ostergewinnspiel\" target=\"_blank\" rel=\"noopener\">LindenGut<\/a>\u201c 2025 ist an die folgenden<br \/>allgemeinen Teilnahmebedingungen gekn\u00fcpft:<\/p><p>1. Teilnahme<br \/>Veranstalter der Kampagne ist die Bio-G\u00e4stehaus &amp;amp; Bio-Herberge LindenGut<br \/>W-E-G GmbH, (nachfolgend \u201eLindenGut\u201c genannt), Kohlgrunder Weg 1, D-36160<br \/>Dipperz.<\/p><p>1.1 Teilnahmeberechtigung<br \/>Teilnahmeberechtigt ist jede nat\u00fcrliche Person, wenn diese das 18. Lebensjahr<br \/>vollendet und ihren Wohnsitz in Deutschland, \u00d6sterreich oder der Schweiz hat. Nicht<br \/>teilnahmeberechtigte Personen sind nicht gewinnberechtigt. Ausgeschlossen sind<br \/>Mitarbeiter von LindenGut sowie verbundener Unternehmen sowie Angeh\u00f6rige<br \/>solcher Mitarbeiter und deren Verwandte. Die Teilnahme mit gef\u00e4lschten Identit\u00e4ten<br \/>oder mit Identit\u00e4ten Dritter ist ausdr\u00fccklich ausgeschlossen. Die Beeinflussung der<br \/>Chancengleichheit durch technische Manipulation, eine Mehrfachteilnahme pro Tag,<br \/>die \u00dcbermittlung falscher Angaben zur Person oder ein vergleichbar schwerer<br \/>Versto\u00df f\u00fchren zum berechtigten Ausschluss von der Teilnahme durch LindenGut.<br \/>Handelt es sich bei dem ausgeschlossenen Teilnehmer um einen bereits ausgelosten<br \/>Gewinner, kann der Gewinn nachtr\u00e4glich aberkannt werden.<\/p><p>1.2 Teilnahmezeitraum<br \/>Die Teilnahme an dem Gewinnspiel startet am 30.03.2025 und ist bis zum<br \/>21.04.2025 (Ostermontag) aktiv. Eine Verl\u00e4ngerung dieser Teilnahmefrist ist<br \/>ausgeschlossen. Der Veranstalter beh\u00e4lt sich das Recht vor, das Gewinnspiel<br \/>jederzeit, auch ohne Einhaltung von Fristen, ganz oder teilweise vorzeitig zu beenden<br \/>oder in seinem Verlauf abzu\u00e4ndern, wenn es aus technischen Gr\u00fcnden (z.B.<br \/>Computervirus, Manipulation von oder Fehler in Software\/Hardware) oder rechtlichen<br \/>Gr\u00fcnden nicht m\u00f6glich ist, eine ordnungsgem\u00e4\u00dfe Durchf\u00fchrung des Gewinnspiels zu<br \/>garantieren.<\/p><p>1.3 Gewinne \/ Teilnahmeablauf<br \/>LindenGut verlost folgende Preise<br \/>(alle Gutscheine einzul\u00f6sen im LindenGut, alle Sachpreise werden an den Kunden auf<br \/>Kosten von LindenGut versendet. Eine Barauszahlung der Preise ist nicht m\u00f6glich):\u00a0<\/p><p>1. Preis: 500\u20ac Hotelgutschein (f\u00fcr das Yoga-Retreat &amp;amp; Detox \u2013 7 Tage \u2013 7<br \/>Chakren vom 17.08. bis zum 24.08.25)<br \/>2. Preis: 1 Fastenbox f\u00fcr Erstfaster (f\u00fcr eine Person)<br \/>3. Preis: 50 \u20ac Hofladen-Gutschein<\/p><p>Alle Teilnehmer, welche sich mittels Vornamen, Nachname und E-Mail-Adresse<br \/>registriert haben, nehmen an der Verlosung des Hauptpreises teil. Ausschlaggebend<br \/>f\u00fcr die eindeutige Zuordnung Teilnahmen ist die E-Mail-Adresse. Weitere anfallende<br \/>etwaige Zusatzkosten, welche in Verbindung zum Gewinn stehen wie z.B. die Anreise<br \/>werden nicht \u00fcbernommen. Eine Barauszahlung ist nicht m\u00f6glich.<\/p><p>1.4 Auslosung<br \/>Die Auslosung findet durch eine Software statt, welche den Gewinner im<br \/>Zufallsmodus ermittelt. Die Auslosung der Gewinne (Gutscheine und Sachpreise)<br \/>findet am 22.04.2025 statt. Die Gewinner werden von uns pers\u00f6nlich per E-Mail<br \/>benachrichtigt (\u00fcberpr\u00fcfen Sie daher bitte regelm\u00e4\u00dfig Ihren Posteingang). Die<br \/>Gutscheine werden per E-Mail zugesandt. Die Sachpreise werden nach \u00dcbermittlung<br \/>Ihrer Adresse von LindenGut kostenlos an Ihren Wunschort in Deutschland,<br \/>\u00d6sterreich und Schweiz versendet.<\/p><p>1.5 Datenschutzhinweise<br \/>Es gelten die\u00a0<a href=\"https:\/\/linden-gut.eu\/datenschutz\/\" target=\"_blank\" rel=\"noopener\">Datenschutzbestimmungen\u00a0des LindenGut<\/a>.<\/p><p>1.6 Weitere Hinweise<br \/>Der Rechtsweg ist ausgeschlossen. Das Gewinnspiel steht in keiner Verbindung zu<br \/>Facebook, Instagram, Twitter, Xing oder WhatsApp, es wird weder von diesen<br \/>Anbietern gesponsert, unterst\u00fctzt noch organisiert.<\/p>\t\t\t\t\t\t\t\t<\/div>\n\t\t\t\t<\/div>\n\t\t\t\t<div class=\"elementor-element elementor-element-d4c8a9f elementor-widget elementor-widget-spacer\" data-id=\"d4c8a9f\" data-element_type=\"widget\" data-widget_type=\"spacer.default\">\n\t\t\t\t<div class=\"elementor-widget-container\">\n\t\t\t\t\t\t\t<div class=\"elementor-spacer\">\n\t\t\t<div class=\"elementor-spacer-inner\"><\/div>\n\t\t<\/div>\n\t\t\t\t\t\t<\/div>\n\t\t\t\t<\/div>\n\t\t\t\t\t<\/div>\n\t\t<\/div>\n\t\t\t\t\t<\/div>\n\t\t<\/section>\n\t\t\t\t<\/div>\n\t\t","protected":false},"excerpt":{"rendered":"<p>Teilnahmebedingungen f\u00fcr das Oster-Gewinnspiel 2025 Die Teilnahme am Oster-Gewinnspiel \u201eLindenGut\u201c 2025 ist an die folgendenallgemeinen Teilnahmebedingungen gekn\u00fcpft: 1. TeilnahmeVeranstalter der Kampagne ist die Bio-G\u00e4stehaus &amp;amp; Bio-Herberge LindenGutW-E-G GmbH, (nachfolgend \u201eLindenGut\u201c genannt), Kohlgrunder Weg 1, D-36160Dipperz. 1.1 TeilnahmeberechtigungTeilnahmeberechtigt ist jede nat\u00fcrliche Person, wenn diese das 18. Lebensjahrvollendet und ihren Wohnsitz in Deutschland, \u00d6sterreich oder der Schweiz [&hellip;]<\/p>\n","protected":false},"author":5,"featured_media":0,"parent":0,"menu_order":0,"comment_status":"closed","ping_status":"closed","template":"","meta":{"site-sidebar-layout":"no-sidebar","site-content-layout":"page-builder","ast-site-content-layout":"full-width-container","site-content-style":"default","site-sidebar-style":"default","ast-global-header-display":"","ast-banner-title-visibility":"","ast-main-header-display":"","ast-hfb-above-header-display":"","ast-hfb-below-header-display":"","ast-hfb-mobile-header-display":"","site-post-title":"disabled","ast-breadcrumbs-content":"","ast-featured-img":"disabled","footer-sml-layout":"","theme-transparent-header-meta":"","adv-header-id-meta":"","stick-header-meta":"","header-above-stick-meta":"","header-main-stick-meta":"","header-below-stick-meta":"","astra-migrate-meta-layouts":"set","ast-page-background-enabled":"default","ast-page-background-meta":{"desktop":{"background-color":"","background-image":"","background-repeat":"repeat","background-position":"center center","background-size":"auto","background-attachment":"scroll","background-type":"","background-media":"","overlay-type":"","overlay-color":"","overlay-opacity":"","overlay-gradient":""},"tablet":{"background-color":"","background-image":"","background-repeat":"repeat","background-position":"center center","background-size":"auto","background-attachment":"scroll","background-type":"","background-media":"","overlay-type":"","overlay-color":"","overlay-opacity":"","overlay-gradient":""},"mobile":{"background-color":"","background-image":"","background-repeat":"repeat","background-position":"center center","background-size":"auto","background-attachment":"scroll","background-type":"","background-media":"","overlay-type":"","overlay-color":"","overlay-opacity":"","overlay-gradient":""}},"ast-content-background-meta":{"desktop":{"background-color":"var(--ast-global-color-5)","background-image":"","background-repeat":"repeat","background-position":"center center","background-size":"auto","background-attachment":"scroll","background-type":"","background-media":"","overlay-type":"","overlay-color":"","overlay-opacity":"","overlay-gradient":""},"tablet":{"background-color":"var(--ast-global-color-5)","background-image":"","background-repeat":"repeat","background-position":"center center","background-size":"auto","background-attachment":"scroll","background-type":"","background-media":"","overlay-type":"","overlay-color":"","overlay-opacity":"","overlay-gradient":""},"mobile":{"background-color":"var(--ast-global-color-5)","background-image":"","background-repeat":"repeat","background-position":"center center","background-size":"auto","background-attachment":"scroll","background-type":"","background-media":"","overlay-type":"","overlay-color":"","overlay-opacity":"","overlay-gradient":""}},"footnotes":""},"class_list":["post-9828","page","type-page","status-publish","hentry"],"yoast_head":"<!-- This site is optimized with the Yoast SEO plugin v25.7 - https:\/\/yoast.com\/wordpress\/plugins\/seo\/ -->\n<title>Teilnahmebedingungen Ostergewinnspiel 2025 I Bio-Hotel LindenGut<\/title>\n<meta name=\"description\" content=\"Hier findest Du die Teilnahmebedingungen f\u00fcr das Ostergewinnspiel 2025 vom Bio Hotel LindenGut\" \/>\n<meta name=\"robots\" content=\"index, follow, max-snippet:-1, max-image-preview:large, max-video-preview:-1\" \/>\n<link rel=\"canonical\" href=\"https:\/\/linden-gut.eu\/de\/teilnahmebedingungen-ostergewinnspiel\/\" \/>\n<meta property=\"og:locale\" content=\"de_DE\" \/>\n<meta property=\"og:type\" content=\"article\" \/>\n<meta property=\"og:title\" content=\"Teilnahmebedingungen Ostergewinnspiel 2025 I Bio-Hotel LindenGut\" \/>\n<meta property=\"og:description\" content=\"Hier findest Du die Teilnahmebedingungen f\u00fcr das Ostergewinnspiel 2025 vom Bio Hotel LindenGut\" \/>\n<meta property=\"og:url\" content=\"https:\/\/linden-gut.eu\/de\/teilnahmebedingungen-ostergewinnspiel\/\" \/>\n<meta property=\"article:publisher\" content=\"https:\/\/www.facebook.com\/LindenGutDipperz\" \/>\n<meta property=\"article:modified_time\" content=\"2025-03-27T18:24:45+00:00\" \/>\n<meta property=\"og:image\" content=\"https:\/\/linden-gut.eu\/wp-content\/uploads\/2021\/04\/Biohotel-Lindengut-Logo.png\" \/>\n\t<meta property=\"og:image:width\" content=\"1024\" \/>\n\t<meta property=\"og:image:height\" content=\"512\" \/>\n\t<meta property=\"og:image:type\" content=\"image\/png\" \/>\n<meta name=\"twitter:card\" content=\"summary_large_image\" \/>\n<meta name=\"twitter:label1\" content=\"Gesch\u00e4tzte Lesezeit\" \/>\n\t<meta name=\"twitter:data1\" content=\"3\u00a0Minuten\" \/>\n<script type=\"application\/ld+json\" class=\"yoast-schema-graph\">{\"@context\":\"https:\/\/schema.org\",\"@graph\":[{\"@type\":\"WebPage\",\"@id\":\"https:\/\/linden-gut.eu\/de\/teilnahmebedingungen-ostergewinnspiel\/\",\"url\":\"https:\/\/linden-gut.eu\/de\/teilnahmebedingungen-ostergewinnspiel\/\",\"name\":\"Teilnahmebedingungen Ostergewinnspiel 2025 I Bio-Hotel LindenGut\",\"isPartOf\":{\"@id\":\"https:\/\/linden-gut.eu\/de\/#website\"},\"datePublished\":\"2025-03-25T13:44:35+00:00\",\"dateModified\":\"2025-03-27T18:24:45+00:00\",\"description\":\"Hier findest Du die Teilnahmebedingungen f\u00fcr das Ostergewinnspiel 2025 vom Bio Hotel LindenGut\",\"breadcrumb\":{\"@id\":\"https:\/\/linden-gut.eu\/de\/teilnahmebedingungen-ostergewinnspiel\/#breadcrumb\"},\"inLanguage\":\"de\",\"potentialAction\":[{\"@type\":\"ReadAction\",\"target\":[\"https:\/\/linden-gut.eu\/de\/teilnahmebedingungen-ostergewinnspiel\/\"]}]},{\"@type\":\"BreadcrumbList\",\"@id\":\"https:\/\/linden-gut.eu\/de\/teilnahmebedingungen-ostergewinnspiel\/#breadcrumb\",\"itemListElement\":[{\"@type\":\"ListItem\",\"position\":1,\"name\":\"Startseite\",\"item\":\"https:\/\/linden-gut.eu\/de\/\"},{\"@type\":\"ListItem\",\"position\":2,\"name\":\"Teilnahmebedingungen Ostergewinnspiel\"}]},{\"@type\":\"WebSite\",\"@id\":\"https:\/\/linden-gut.eu\/de\/#website\",\"url\":\"https:\/\/linden-gut.eu\/de\/\",\"name\":\"LindenGut\",\"description\":\"Nachhaltiger Genuss und Komfort \u2013 Bio-Qualit\u00e4t in Hotel, Herberge, Hofladen und mehr.\",\"publisher\":{\"@id\":\"https:\/\/linden-gut.eu\/de\/#organization\"},\"potentialAction\":[{\"@type\":\"SearchAction\",\"target\":{\"@type\":\"EntryPoint\",\"urlTemplate\":\"https:\/\/linden-gut.eu\/de\/?s={search_term_string}\"},\"query-input\":{\"@type\":\"PropertyValueSpecification\",\"valueRequired\":true,\"valueName\":\"search_term_string\"}}],\"inLanguage\":\"de\"},{\"@type\":\"Organization\",\"@id\":\"https:\/\/linden-gut.eu\/de\/#organization\",\"name\":\"LindenGut GmbH & Co. KG\",\"url\":\"https:\/\/linden-gut.eu\/de\/\",\"logo\":{\"@type\":\"ImageObject\",\"inLanguage\":\"de\",\"@id\":\"https:\/\/linden-gut.eu\/de\/#\/schema\/logo\/image\/\",\"url\":\"https:\/\/linden-gut.eu\/wp-content\/uploads\/2021\/04\/Biohotel-Lindengut-Favicon.png\",\"contentUrl\":\"https:\/\/linden-gut.eu\/wp-content\/uploads\/2021\/04\/Biohotel-Lindengut-Favicon.png\",\"width\":712,\"height\":712,\"caption\":\"LindenGut GmbH & Co. KG\"},\"image\":{\"@id\":\"https:\/\/linden-gut.eu\/de\/#\/schema\/logo\/image\/\"},\"sameAs\":[\"https:\/\/www.facebook.com\/LindenGutDipperz\",\"https:\/\/www.instagram.com\/lindengut_biohotel\/\",\"http:\/\/www.youtube.com\/@lindengutwegweiser2448\"]}]}<\/script>\n<!-- \/ Yoast SEO plugin. -->","yoast_head_json":{"title":"Teilnahmebedingungen Ostergewinnspiel 2025 I Bio-Hotel LindenGut","description":"Hier findest Du die Teilnahmebedingungen f\u00fcr das Ostergewinnspiel 2025 vom Bio Hotel LindenGut","robots":{"index":"index","follow":"follow","max-snippet":"max-snippet:-1","max-image-preview":"max-image-preview:large","max-video-preview":"max-video-preview:-1"},"canonical":"https:\/\/linden-gut.eu\/de\/teilnahmebedingungen-ostergewinnspiel\/","og_locale":"de_DE","og_type":"article","og_title":"Teilnahmebedingungen Ostergewinnspiel 2025 I Bio-Hotel LindenGut","og_description":"Hier findest Du die Teilnahmebedingungen f\u00fcr das Ostergewinnspiel 2025 vom Bio Hotel LindenGut","og_url":"https:\/\/linden-gut.eu\/de\/teilnahmebedingungen-ostergewinnspiel\/","article_publisher":"https:\/\/www.facebook.com\/LindenGutDipperz","article_modified_time":"2025-03-27T18:24:45+00:00","og_image":[{"width":1024,"height":512,"url":"https:\/\/linden-gut.eu\/wp-content\/uploads\/2021\/04\/Biohotel-Lindengut-Logo.png","type":"image\/png"}],"twitter_card":"summary_large_image","twitter_misc":{"Gesch\u00e4tzte Lesezeit":"3\u00a0Minuten"},"schema":{"@context":"https:\/\/schema.org","@graph":[{"@type":"WebPage","@id":"https:\/\/linden-gut.eu\/de\/teilnahmebedingungen-ostergewinnspiel\/","url":"https:\/\/linden-gut.eu\/de\/teilnahmebedingungen-ostergewinnspiel\/","name":"Teilnahmebedingungen Ostergewinnspiel 2025 I Bio-Hotel LindenGut","isPartOf":{"@id":"https:\/\/linden-gut.eu\/de\/#website"},"datePublished":"2025-03-25T13:44:35+00:00","dateModified":"2025-03-27T18:24:45+00:00","description":"Hier findest Du die Teilnahmebedingungen f\u00fcr das Ostergewinnspiel 2025 vom Bio Hotel LindenGut","breadcrumb":{"@id":"https:\/\/linden-gut.eu\/de\/teilnahmebedingungen-ostergewinnspiel\/#breadcrumb"},"inLanguage":"de","potentialAction":[{"@type":"ReadAction","target":["https:\/\/linden-gut.eu\/de\/teilnahmebedingungen-ostergewinnspiel\/"]}]},{"@type":"BreadcrumbList","@id":"https:\/\/linden-gut.eu\/de\/teilnahmebedingungen-ostergewinnspiel\/#breadcrumb","itemListElement":[{"@type":"ListItem","position":1,"name":"Startseite","item":"https:\/\/linden-gut.eu\/de\/"},{"@type":"ListItem","position":2,"name":"Teilnahmebedingungen Ostergewinnspiel"}]},{"@type":"WebSite","@id":"https:\/\/linden-gut.eu\/de\/#website","url":"https:\/\/linden-gut.eu\/de\/","name":"LindenGut","description":"Nachhaltiger Genuss und Komfort \u2013 Bio-Qualit\u00e4t in Hotel, Herberge, Hofladen und mehr.","publisher":{"@id":"https:\/\/linden-gut.eu\/de\/#organization"},"potentialAction":[{"@type":"SearchAction","target":{"@type":"EntryPoint","urlTemplate":"https:\/\/linden-gut.eu\/de\/?s={search_term_string}"},"query-input":{"@type":"PropertyValueSpecification","valueRequired":true,"valueName":"search_term_string"}}],"inLanguage":"de"},{"@type":"Organization","@id":"https:\/\/linden-gut.eu\/de\/#organization","name":"LindenGut GmbH & Co. KG","url":"https:\/\/linden-gut.eu\/de\/","logo":{"@type":"ImageObject","inLanguage":"de","@id":"https:\/\/linden-gut.eu\/de\/#\/schema\/logo\/image\/","url":"https:\/\/linden-gut.eu\/wp-content\/uploads\/2021\/04\/Biohotel-Lindengut-Favicon.png","contentUrl":"https:\/\/linden-gut.eu\/wp-content\/uploads\/2021\/04\/Biohotel-Lindengut-Favicon.png","width":712,"height":712,"caption":"LindenGut GmbH & Co. KG"},"image":{"@id":"https:\/\/linden-gut.eu\/de\/#\/schema\/logo\/image\/"},"sameAs":["https:\/\/www.facebook.com\/LindenGutDipperz","https:\/\/www.instagram.com\/lindengut_biohotel\/","http:\/\/www.youtube.com\/@lindengutwegweiser2448"]}]}},"_links":{"self":[{"href":"https:\/\/linden-gut.eu\/de\/wp-json\/wp\/v2\/pages\/9828","targetHints":{"allow":["GET"]}}],"collection":[{"href":"https:\/\/linden-gut.eu\/de\/wp-json\/wp\/v2\/pages"}],"about":[{"href":"https:\/\/linden-gut.eu\/de\/wp-json\/wp\/v2\/types\/page"}],"author":[{"embeddable":true,"href":"https:\/\/linden-gut.eu\/de\/wp-json\/wp\/v2\/users\/5"}],"replies":[{"embeddable":true,"href":"https:\/\/linden-gut.eu\/de\/wp-json\/wp\/v2\/comments?post=9828"}],"version-history":[{"count":3,"href":"https:\/\/linden-gut.eu\/de\/wp-json\/wp\/v2\/pages\/9828\/revisions"}],"predecessor-version":[{"id":9882,"href":"https:\/\/linden-gut.eu\/de\/wp-json\/wp\/v2\/pages\/9828\/revisions\/9882"}],"wp:attachment":[{"href":"https:\/\/linden-gut.eu\/de\/wp-json\/wp\/v2\/media?parent=9828"}],"curies":[{"name":"wp","href":"https:\/\/api.w.org\/{rel}","templated":true}]}}