{"id":9301,"date":"2024-12-18T10:46:31","date_gmt":"2024-12-18T10:46:31","guid":{"rendered":"https:\/\/b36oyymf.myrdbx.io\/?page_id=9301"},"modified":"2025-10-31T15:12:20","modified_gmt":"2025-10-31T15:12:20","slug":"erlebnisse-veranstaltung-gutscheine","status":"publish","type":"page","link":"https:\/\/linden-gut.eu\/de\/erlebnisse-veranstaltung-gutscheine\/","title":{"rendered":"Erlebnisse, Events &#038; Gutscheine"},"content":{"rendered":"\t\t<div data-elementor-type=\"wp-page\" data-elementor-id=\"9301\" class=\"elementor elementor-9301\" data-elementor-post-type=\"page\">\n\t\t\t\t\t\t<section class=\"elementor-section elementor-top-section elementor-element elementor-element-5bcf36d elementor-section-full_width elementor-section-height-default elementor-section-height-default\" data-id=\"5bcf36d\" data-element_type=\"section\">\n\t\t\t\t\t\t<div class=\"elementor-container elementor-column-gap-default\">\n\t\t\t\t\t<div class=\"elementor-column elementor-col-100 elementor-top-column elementor-element elementor-element-90bcd5b\" data-id=\"90bcd5b\" data-element_type=\"column\">\n\t\t\t<div class=\"elementor-widget-wrap elementor-element-populated\">\n\t\t\t\t\t\t<div class=\"elementor-element elementor-element-fc97b0a elementor-widget__width-initial elementor-widget elementor-widget-html\" data-id=\"fc97b0a\" data-element_type=\"widget\" data-widget_type=\"html.default\">\n\t\t\t\t<div class=\"elementor-widget-container\">\n\t\t\t\t\t<script>\r\nwindow.dw = window.dw || function () { (dw.q = dw.q || []).push(arguments); };\r\n\r\ndw(\"settings\", \"5c8c006b-c6b7-4015-a456-bc7fde72a1d4\", {\r\n  lang: \"de\",\r\n  profileOverrides: [\"teaser=false\"],\r\n  context: {}\r\n});\r\n\r\n\/\/ Event bei Seitenladen\r\ndw(\"onPageLoad\", \"5c8c006b-c6b7-4015-a456-bc7fde72a1d4\", function (e) {\r\n  window.dataLayer = window.dataLayer || [];\r\n  window.dataLayer.push({\r\n    event: \"ErlebnisWidgetPageLoad\",\r\n    pageType: e.pageType,\r\n    pageTitle: e.pageTitle,\r\n    tagId: e.tagId\r\n  });\r\n});\r\n\r\n\/\/ Event bei Nutzeraktion\r\ndw(\"onUserAction\", \"5c8c006b-c6b7-4015-a456-bc7fde72a1d4\", function (e) {\r\n  window.dataLayer = window.dataLayer || [];\r\n  window.dataLayer.push({\r\n    event: \"ErlebnisWidgetUserAction\",\r\n    actionType: e.actionType,\r\n    details: e\r\n  });\r\n});\r\n<\/script>\r\n<script async src=\"https:\/\/web5.deskline.net\/start\/ACCBAYOBS\/5c8c006b-c6b7-4015-a456-bc7fde72a1d4\/index.js\"><\/script>\t\t\t\t<\/div>\n\t\t\t\t<\/div>\n\t\t\t\t\t<\/div>\n\t\t<\/div>\n\t\t\t\t\t<\/div>\n\t\t<\/section>\n\t\t\t\t<section class=\"elementor-section elementor-top-section elementor-element elementor-element-a5189b1 elementor-section-boxed elementor-section-height-default elementor-section-height-default\" data-id=\"a5189b1\" data-element_type=\"section\">\n\t\t\t\t\t\t<div class=\"elementor-container elementor-column-gap-default\">\n\t\t\t\t\t<div class=\"elementor-column elementor-col-100 elementor-top-column elementor-element elementor-element-1a35dcc\" data-id=\"1a35dcc\" data-element_type=\"column\">\n\t\t\t<div class=\"elementor-widget-wrap elementor-element-populated\">\n\t\t\t\t\t\t<div class=\"elementor-element elementor-element-5ad5174 elementor-widget elementor-widget-heading\" data-id=\"5ad5174\" data-element_type=\"widget\" data-widget_type=\"heading.default\">\n\t\t\t\t<div class=\"elementor-widget-container\">\n\t\t\t\t\t<h1 class=\"elementor-heading-title elementor-size-default\">Erlebnisse &amp; Shopping im LindenGut<\/h1>\t\t\t\t<\/div>\n\t\t\t\t<\/div>\n\t\t\t\t\t<\/div>\n\t\t<\/div>\n\t\t\t\t\t<\/div>\n\t\t<\/section>\n\t\t\t\t<section class=\"elementor-section elementor-top-section elementor-element elementor-element-14fa357 elementor-section-boxed elementor-section-height-default elementor-section-height-default\" data-id=\"14fa357\" data-element_type=\"section\">\n\t\t\t\t\t\t<div class=\"elementor-container elementor-column-gap-default\">\n\t\t\t\t\t<div class=\"elementor-column elementor-col-100 elementor-top-column elementor-element elementor-element-90821d3\" data-id=\"90821d3\" data-element_type=\"column\">\n\t\t\t<div class=\"elementor-widget-wrap elementor-element-populated\">\n\t\t\t\t\t\t<div class=\"elementor-element elementor-element-13075a5 elementor-widget elementor-widget-text-editor\" data-id=\"13075a5\" data-element_type=\"widget\" data-widget_type=\"text-editor.default\">\n\t\t\t\t<div class=\"elementor-widget-container\">\n\t\t\t\t\t\t\t\t\t<p>Das Biohotel LindenGut in Dipperz bietet neben der klassischen \u00dcbernachtung auch unvergessliche beziehungsweise besondere Erlebnisse und Veranstaltungen an. Ein Kurs zum Wurst selbst herstellen ist ebenso unterhaltsam wie unser Basiskochkurs oder das Whisky-Tasting. Der Wildkr\u00e4uterk\u00fcchenworkshop oder das beliebte Kikeriki-Fr\u00fchst\u00fcck runden unser vielseitiges Angebot ab.<\/p>\n<h3>Gutscheine f\u00fcr den Hofladen, das Hotel oder das Gasthaus kaufen<\/h3>\n<p>Sie m\u00f6chten anderen Menschen eine Freude bereiten? Dann kaufen Sie bei uns einen Gutschein f\u00fcr den&nbsp;<a href=\"https:\/\/linden-gut.eu\/hofladen\/\" target=\"_blank\" rel=\"noopener\"><b>Hofladen<\/b><\/a> mit unseren lokalen Produkten aus der Demeter Landwirtschaft oder eine \u00dcbernachtung in unserem&nbsp;<a href=\"https:\/\/linden-gut.eu\/zimmer-und-preise\/\" target=\"_blank\" rel=\"noopener\"><b>Biohotel<\/b><\/a> oder unserem&nbsp;<b><a href=\"https:\/\/linden-gut.eu\/gaestehaus-in-rhoen\/\" target=\"_blank\" rel=\"noopener\">Gasthaus<\/a><\/b>. <\/p>\t\t\t\t\t\t\t\t<\/div>\n\t\t\t\t<\/div>\n\t\t\t\t\t<\/div>\n\t\t<\/div>\n\t\t\t\t\t<\/div>\n\t\t<\/section>\n\t\t\t\t<\/div>\n\t\t","protected":false},"excerpt":{"rendered":"<p>Erlebnisse &amp; Shopping im LindenGut Das Biohotel LindenGut in Dipperz bietet neben der klassischen \u00dcbernachtung auch unvergessliche beziehungsweise besondere Erlebnisse und Veranstaltungen an. Ein Kurs zum Wurst selbst herstellen ist ebenso unterhaltsam wie unser Basiskochkurs oder das Whisky-Tasting. Der Wildkr\u00e4uterk\u00fcchenworkshop oder das beliebte Kikeriki-Fr\u00fchst\u00fcck runden unser vielseitiges Angebot ab. Gutscheine f\u00fcr den Hofladen, das Hotel [&hellip;]<\/p>\n","protected":false},"author":5,"featured_media":0,"parent":0,"menu_order":0,"comment_status":"closed","ping_status":"closed","template":"","meta":{"site-sidebar-layout":"no-sidebar","site-content-layout":"page-builder","ast-site-content-layout":"full-width-container","site-content-style":"default","site-sidebar-style":"default","ast-global-header-display":"","ast-banner-title-visibility":"","ast-main-header-display":"","ast-hfb-above-header-display":"","ast-hfb-below-header-display":"","ast-hfb-mobile-header-display":"","site-post-title":"disabled","ast-breadcrumbs-content":"","ast-featured-img":"disabled","footer-sml-layout":"","theme-transparent-header-meta":"","adv-header-id-meta":"","stick-header-meta":"","header-above-stick-meta":"","header-main-stick-meta":"","header-below-stick-meta":"","astra-migrate-meta-layouts":"set","ast-page-background-enabled":"default","ast-page-background-meta":{"desktop":{"background-color":"","background-image":"","background-repeat":"repeat","background-position":"center center","background-size":"auto","background-attachment":"scroll","background-type":"","background-media":"","overlay-type":"","overlay-color":"","overlay-opacity":"","overlay-gradient":""},"tablet":{"background-color":"","background-image":"","background-repeat":"repeat","background-position":"center center","background-size":"auto","background-attachment":"scroll","background-type":"","background-media":"","overlay-type":"","overlay-color":"","overlay-opacity":"","overlay-gradient":""},"mobile":{"background-color":"","background-image":"","background-repeat":"repeat","background-position":"center center","background-size":"auto","background-attachment":"scroll","background-type":"","background-media":"","overlay-type":"","overlay-color":"","overlay-opacity":"","overlay-gradient":""}},"ast-content-background-meta":{"desktop":{"background-color":"var(--ast-global-color-5)","background-image":"","background-repeat":"repeat","background-position":"center center","background-size":"auto","background-attachment":"scroll","background-type":"","background-media":"","overlay-type":"","overlay-color":"","overlay-opacity":"","overlay-gradient":""},"tablet":{"background-color":"var(--ast-global-color-5)","background-image":"","background-repeat":"repeat","background-position":"center center","background-size":"auto","background-attachment":"scroll","background-type":"","background-media":"","overlay-type":"","overlay-color":"","overlay-opacity":"","overlay-gradient":""},"mobile":{"background-color":"var(--ast-global-color-5)","background-image":"","background-repeat":"repeat","background-position":"center center","background-size":"auto","background-attachment":"scroll","background-type":"","background-media":"","overlay-type":"","overlay-color":"","overlay-opacity":"","overlay-gradient":""}},"footnotes":""},"class_list":["post-9301","page","type-page","status-publish","hentry"],"yoast_head":"<!-- This site is optimized with the Yoast SEO plugin v25.7 - https:\/\/yoast.com\/wordpress\/plugins\/seo\/ -->\n<title>Erlebnisse, Events &amp; Gutscheine buchen<\/title>\n<meta name=\"description\" content=\"Buche ein unvergessliches Erlebnis im Biohotel LindenGut \u2713 Kochkurse \u2713 Whisky-Tasting \u2713 Workshops \u2713 Gutscheine f\u00fcr das Hotel &amp; Hofladen\" \/>\n<meta name=\"robots\" content=\"noindex, follow\" \/>\n<meta property=\"og:locale\" content=\"de_DE\" \/>\n<meta property=\"og:type\" content=\"article\" \/>\n<meta property=\"og:title\" content=\"Erlebnisse, Events &amp; Gutscheine buchen\" \/>\n<meta property=\"og:description\" content=\"Buche ein unvergessliches Erlebnis im Biohotel LindenGut \u2713 Kochkurse \u2713 Whisky-Tasting \u2713 Workshops \u2713 Gutscheine f\u00fcr das Hotel &amp; Hofladen\" \/>\n<meta property=\"og:url\" content=\"https:\/\/linden-gut.eu\/de\/erlebnisse-veranstaltung-gutscheine\/\" \/>\n<meta property=\"article:publisher\" content=\"https:\/\/www.facebook.com\/LindenGutDipperz\" \/>\n<meta property=\"article:modified_time\" content=\"2025-10-31T15:12:20+00:00\" \/>\n<meta property=\"og:image\" content=\"https:\/\/linden-gut.eu\/wp-content\/uploads\/2021\/04\/Biohotel-Lindengut-Logo.png\" \/>\n\t<meta property=\"og:image:width\" content=\"1024\" \/>\n\t<meta property=\"og:image:height\" content=\"512\" \/>\n\t<meta property=\"og:image:type\" content=\"image\/png\" \/>\n<meta name=\"twitter:card\" content=\"summary_large_image\" \/>\n<meta name=\"twitter:label1\" content=\"Gesch\u00e4tzte Lesezeit\" \/>\n\t<meta name=\"twitter:data1\" content=\"1\u00a0Minute\" \/>\n<script type=\"application\/ld+json\" class=\"yoast-schema-graph\">{\"@context\":\"https:\/\/schema.org\",\"@graph\":[{\"@type\":\"WebPage\",\"@id\":\"https:\/\/linden-gut.eu\/de\/erlebnisse-veranstaltung-gutscheine\/\",\"url\":\"https:\/\/linden-gut.eu\/de\/erlebnisse-veranstaltung-gutscheine\/\",\"name\":\"Erlebnisse, Events & Gutscheine buchen\",\"isPartOf\":{\"@id\":\"https:\/\/linden-gut.eu\/de\/#website\"},\"datePublished\":\"2024-12-18T10:46:31+00:00\",\"dateModified\":\"2025-10-31T15:12:20+00:00\",\"description\":\"Buche ein unvergessliches Erlebnis im Biohotel LindenGut \u2713 Kochkurse \u2713 Whisky-Tasting \u2713 Workshops \u2713 Gutscheine f\u00fcr das Hotel & Hofladen\",\"breadcrumb\":{\"@id\":\"https:\/\/linden-gut.eu\/de\/erlebnisse-veranstaltung-gutscheine\/#breadcrumb\"},\"inLanguage\":\"de\",\"potentialAction\":[{\"@type\":\"ReadAction\",\"target\":[\"https:\/\/linden-gut.eu\/de\/erlebnisse-veranstaltung-gutscheine\/\"]}]},{\"@type\":\"BreadcrumbList\",\"@id\":\"https:\/\/linden-gut.eu\/de\/erlebnisse-veranstaltung-gutscheine\/#breadcrumb\",\"itemListElement\":[{\"@type\":\"ListItem\",\"position\":1,\"name\":\"Startseite\",\"item\":\"https:\/\/linden-gut.eu\/de\/\"},{\"@type\":\"ListItem\",\"position\":2,\"name\":\"Erlebnisse, Events &#038; Gutscheine\"}]},{\"@type\":\"WebSite\",\"@id\":\"https:\/\/linden-gut.eu\/de\/#website\",\"url\":\"https:\/\/linden-gut.eu\/de\/\",\"name\":\"LindenGut\",\"description\":\"Nachhaltiger Genuss und Komfort \u2013 Bio-Qualit\u00e4t in Hotel, Herberge, Hofladen und mehr.\",\"publisher\":{\"@id\":\"https:\/\/linden-gut.eu\/de\/#organization\"},\"potentialAction\":[{\"@type\":\"SearchAction\",\"target\":{\"@type\":\"EntryPoint\",\"urlTemplate\":\"https:\/\/linden-gut.eu\/de\/?s={search_term_string}\"},\"query-input\":{\"@type\":\"PropertyValueSpecification\",\"valueRequired\":true,\"valueName\":\"search_term_string\"}}],\"inLanguage\":\"de\"},{\"@type\":\"Organization\",\"@id\":\"https:\/\/linden-gut.eu\/de\/#organization\",\"name\":\"LindenGut GmbH & Co. KG\",\"url\":\"https:\/\/linden-gut.eu\/de\/\",\"logo\":{\"@type\":\"ImageObject\",\"inLanguage\":\"de\",\"@id\":\"https:\/\/linden-gut.eu\/de\/#\/schema\/logo\/image\/\",\"url\":\"https:\/\/linden-gut.eu\/wp-content\/uploads\/2021\/04\/Biohotel-Lindengut-Favicon.png\",\"contentUrl\":\"https:\/\/linden-gut.eu\/wp-content\/uploads\/2021\/04\/Biohotel-Lindengut-Favicon.png\",\"width\":712,\"height\":712,\"caption\":\"LindenGut GmbH & Co. KG\"},\"image\":{\"@id\":\"https:\/\/linden-gut.eu\/de\/#\/schema\/logo\/image\/\"},\"sameAs\":[\"https:\/\/www.facebook.com\/LindenGutDipperz\",\"https:\/\/www.instagram.com\/lindengut_biohotel\/\",\"http:\/\/www.youtube.com\/@lindengutwegweiser2448\"]}]}<\/script>\n<!-- \/ Yoast SEO plugin. -->","yoast_head_json":{"title":"Erlebnisse, Events & Gutscheine buchen","description":"Buche ein unvergessliches Erlebnis im Biohotel LindenGut \u2713 Kochkurse \u2713 Whisky-Tasting \u2713 Workshops \u2713 Gutscheine f\u00fcr das Hotel & Hofladen","robots":{"index":"noindex","follow":"follow"},"og_locale":"de_DE","og_type":"article","og_title":"Erlebnisse, Events & Gutscheine buchen","og_description":"Buche ein unvergessliches Erlebnis im Biohotel LindenGut \u2713 Kochkurse \u2713 Whisky-Tasting \u2713 Workshops \u2713 Gutscheine f\u00fcr das Hotel & Hofladen","og_url":"https:\/\/linden-gut.eu\/de\/erlebnisse-veranstaltung-gutscheine\/","article_publisher":"https:\/\/www.facebook.com\/LindenGutDipperz","article_modified_time":"2025-10-31T15:12:20+00:00","og_image":[{"width":1024,"height":512,"url":"https:\/\/linden-gut.eu\/wp-content\/uploads\/2021\/04\/Biohotel-Lindengut-Logo.png","type":"image\/png"}],"twitter_card":"summary_large_image","twitter_misc":{"Gesch\u00e4tzte Lesezeit":"1\u00a0Minute"},"schema":{"@context":"https:\/\/schema.org","@graph":[{"@type":"WebPage","@id":"https:\/\/linden-gut.eu\/de\/erlebnisse-veranstaltung-gutscheine\/","url":"https:\/\/linden-gut.eu\/de\/erlebnisse-veranstaltung-gutscheine\/","name":"Erlebnisse, Events & Gutscheine buchen","isPartOf":{"@id":"https:\/\/linden-gut.eu\/de\/#website"},"datePublished":"2024-12-18T10:46:31+00:00","dateModified":"2025-10-31T15:12:20+00:00","description":"Buche ein unvergessliches Erlebnis im Biohotel LindenGut \u2713 Kochkurse \u2713 Whisky-Tasting \u2713 Workshops \u2713 Gutscheine f\u00fcr das Hotel & Hofladen","breadcrumb":{"@id":"https:\/\/linden-gut.eu\/de\/erlebnisse-veranstaltung-gutscheine\/#breadcrumb"},"inLanguage":"de","potentialAction":[{"@type":"ReadAction","target":["https:\/\/linden-gut.eu\/de\/erlebnisse-veranstaltung-gutscheine\/"]}]},{"@type":"BreadcrumbList","@id":"https:\/\/linden-gut.eu\/de\/erlebnisse-veranstaltung-gutscheine\/#breadcrumb","itemListElement":[{"@type":"ListItem","position":1,"name":"Startseite","item":"https:\/\/linden-gut.eu\/de\/"},{"@type":"ListItem","position":2,"name":"Erlebnisse, Events &#038; Gutscheine"}]},{"@type":"WebSite","@id":"https:\/\/linden-gut.eu\/de\/#website","url":"https:\/\/linden-gut.eu\/de\/","name":"LindenGut","description":"Nachhaltiger Genuss und Komfort \u2013 Bio-Qualit\u00e4t in Hotel, Herberge, Hofladen und mehr.","publisher":{"@id":"https:\/\/linden-gut.eu\/de\/#organization"},"potentialAction":[{"@type":"SearchAction","target":{"@type":"EntryPoint","urlTemplate":"https:\/\/linden-gut.eu\/de\/?s={search_term_string}"},"query-input":{"@type":"PropertyValueSpecification","valueRequired":true,"valueName":"search_term_string"}}],"inLanguage":"de"},{"@type":"Organization","@id":"https:\/\/linden-gut.eu\/de\/#organization","name":"LindenGut GmbH & Co. KG","url":"https:\/\/linden-gut.eu\/de\/","logo":{"@type":"ImageObject","inLanguage":"de","@id":"https:\/\/linden-gut.eu\/de\/#\/schema\/logo\/image\/","url":"https:\/\/linden-gut.eu\/wp-content\/uploads\/2021\/04\/Biohotel-Lindengut-Favicon.png","contentUrl":"https:\/\/linden-gut.eu\/wp-content\/uploads\/2021\/04\/Biohotel-Lindengut-Favicon.png","width":712,"height":712,"caption":"LindenGut GmbH & Co. KG"},"image":{"@id":"https:\/\/linden-gut.eu\/de\/#\/schema\/logo\/image\/"},"sameAs":["https:\/\/www.facebook.com\/LindenGutDipperz","https:\/\/www.instagram.com\/lindengut_biohotel\/","http:\/\/www.youtube.com\/@lindengutwegweiser2448"]}]}},"_links":{"self":[{"href":"https:\/\/linden-gut.eu\/de\/wp-json\/wp\/v2\/pages\/9301","targetHints":{"allow":["GET"]}}],"collection":[{"href":"https:\/\/linden-gut.eu\/de\/wp-json\/wp\/v2\/pages"}],"about":[{"href":"https:\/\/linden-gut.eu\/de\/wp-json\/wp\/v2\/types\/page"}],"author":[{"embeddable":true,"href":"https:\/\/linden-gut.eu\/de\/wp-json\/wp\/v2\/users\/5"}],"replies":[{"embeddable":true,"href":"https:\/\/linden-gut.eu\/de\/wp-json\/wp\/v2\/comments?post=9301"}],"version-history":[{"count":4,"href":"https:\/\/linden-gut.eu\/de\/wp-json\/wp\/v2\/pages\/9301\/revisions"}],"predecessor-version":[{"id":11067,"href":"https:\/\/linden-gut.eu\/de\/wp-json\/wp\/v2\/pages\/9301\/revisions\/11067"}],"wp:attachment":[{"href":"https:\/\/linden-gut.eu\/de\/wp-json\/wp\/v2\/media?parent=9301"}],"curies":[{"name":"wp","href":"https:\/\/api.w.org\/{rel}","templated":true}]}}