{"id":7422,"date":"2024-02-28T12:40:03","date_gmt":"2024-02-28T12:40:03","guid":{"rendered":"https:\/\/b36oyymf.myrdbx.io\/veranstaltungen-2\/kategorien\/"},"modified":"2025-01-31T13:43:42","modified_gmt":"2025-01-31T13:43:42","slug":"kategorien","status":"publish","type":"page","link":"https:\/\/linden-gut.eu\/de\/veranstaltungen-2\/kategorien\/","title":{"rendered":"Kategorien"},"content":{"rendered":"<p>CONTENTS<\/p>\n","protected":false},"excerpt":{"rendered":"<p>CONTENTS<\/p>\n","protected":false},"author":1,"featured_media":0,"parent":7420,"menu_order":0,"comment_status":"closed","ping_status":"open","template":"","meta":{"site-sidebar-layout":"default","site-content-layout":"","ast-site-content-layout":"default","site-content-style":"default","site-sidebar-style":"default","ast-global-header-display":"","ast-banner-title-visibility":"","ast-main-header-display":"","ast-hfb-above-header-display":"","ast-hfb-below-header-display":"","ast-hfb-mobile-header-display":"","site-post-title":"","ast-breadcrumbs-content":"","ast-featured-img":"","footer-sml-layout":"","ast-disable-related-posts":"","theme-transparent-header-meta":"","adv-header-id-meta":"","stick-header-meta":"","header-above-stick-meta":"","header-main-stick-meta":"","header-below-stick-meta":"","astra-migrate-meta-layouts":"set","ast-page-background-enabled":"default","ast-page-background-meta":{"desktop":{"background-color":"","background-image":"","background-repeat":"repeat","background-position":"center center","background-size":"auto","background-attachment":"scroll","background-type":"","background-media":"","overlay-type":"","overlay-color":"","overlay-opacity":"","overlay-gradient":""},"tablet":{"background-color":"","background-image":"","background-repeat":"repeat","background-position":"center center","background-size":"auto","background-attachment":"scroll","background-type":"","background-media":"","overlay-type":"","overlay-color":"","overlay-opacity":"","overlay-gradient":""},"mobile":{"background-color":"","background-image":"","background-repeat":"repeat","background-position":"center center","background-size":"auto","background-attachment":"scroll","background-type":"","background-media":"","overlay-type":"","overlay-color":"","overlay-opacity":"","overlay-gradient":""}},"ast-content-background-meta":{"desktop":{"background-color":"var(--ast-global-color-5)","background-image":"","background-repeat":"repeat","background-position":"center center","background-size":"auto","background-attachment":"scroll","background-type":"","background-media":"","overlay-type":"","overlay-color":"","overlay-opacity":"","overlay-gradient":""},"tablet":{"background-color":"var(--ast-global-color-5)","background-image":"","background-repeat":"repeat","background-position":"center center","background-size":"auto","background-attachment":"scroll","background-type":"","background-media":"","overlay-type":"","overlay-color":"","overlay-opacity":"","overlay-gradient":""},"mobile":{"background-color":"var(--ast-global-color-5)","background-image":"","background-repeat":"repeat","background-position":"center center","background-size":"auto","background-attachment":"scroll","background-type":"","background-media":"","overlay-type":"","overlay-color":"","overlay-opacity":"","overlay-gradient":""}},"footnotes":""},"class_list":["post-7422","page","type-page","status-publish","hentry"],"yoast_head":"<!-- This site is optimized with the Yoast SEO plugin v27.5 - https:\/\/yoast.com\/product\/yoast-seo-wordpress\/ -->\n<title>Fr\u00fchst\u00fcck &amp; Brunch im LindenGut-Biohotel |<\/title>\n<meta name=\"description\" content=\"Probiere unser k\u00f6stliches Kikeriki-Fr\u00fchst\u00fcck und Brunch im Biohotel LindenGut in der Rh\u00f6n (Hessen) - Jetzt Platz buchen!\" \/>\n<meta name=\"robots\" content=\"index, follow, max-snippet:-1, max-image-preview:large, max-video-preview:-1\" \/>\n<link rel=\"canonical\" href=\"https:\/\/linden-gut.eu\/de\/veranstaltungen-2\/kategorien\/\" \/>\n<meta property=\"og:locale\" content=\"de_DE\" \/>\n<meta property=\"og:type\" content=\"article\" \/>\n<meta property=\"og:title\" content=\"Fr\u00fchst\u00fcck &amp; Brunch im LindenGut-Biohotel |\" \/>\n<meta property=\"og:description\" content=\"Probiere unser k\u00f6stliches Kikeriki-Fr\u00fchst\u00fcck und Brunch im Biohotel LindenGut in der Rh\u00f6n (Hessen) - Jetzt Platz buchen!\" \/>\n<meta property=\"og:url\" content=\"https:\/\/linden-gut.eu\/de\/veranstaltungen-2\/kategorien\/\" \/>\n<meta property=\"article:publisher\" content=\"https:\/\/www.facebook.com\/LindenGutDipperz\" \/>\n<meta property=\"article:modified_time\" content=\"2025-01-31T13:43:42+00:00\" \/>\n<meta property=\"og:image\" content=\"https:\/\/linden-gut.eu\/wp-content\/uploads\/2021\/04\/Biohotel-Lindengut-Logo.png\" \/>\n\t<meta property=\"og:image:width\" content=\"1024\" \/>\n\t<meta property=\"og:image:height\" content=\"512\" \/>\n\t<meta property=\"og:image:type\" content=\"image\/png\" \/>\n<meta name=\"twitter:card\" content=\"summary_large_image\" \/>\n<meta name=\"twitter:label1\" content=\"Gesch\u00e4tzte Lesezeit\" \/>\n\t<meta name=\"twitter:data1\" content=\"1\u00a0Minute\" \/>\n<script type=\"application\/ld+json\" class=\"yoast-schema-graph\">{\"@context\":\"https:\\\/\\\/schema.org\",\"@graph\":[{\"@type\":\"WebPage\",\"@id\":\"https:\\\/\\\/linden-gut.eu\\\/de\\\/veranstaltungen-2\\\/kategorien\\\/\",\"url\":\"https:\\\/\\\/linden-gut.eu\\\/de\\\/veranstaltungen-2\\\/kategorien\\\/\",\"name\":\"Fr\u00fchst\u00fcck & Brunch im LindenGut-Biohotel |\",\"isPartOf\":{\"@id\":\"https:\\\/\\\/linden-gut.eu\\\/de\\\/#website\"},\"datePublished\":\"2024-02-28T12:40:03+00:00\",\"dateModified\":\"2025-01-31T13:43:42+00:00\",\"description\":\"Probiere unser k\u00f6stliches Kikeriki-Fr\u00fchst\u00fcck und Brunch im Biohotel LindenGut in der Rh\u00f6n (Hessen) - Jetzt Platz buchen!\",\"breadcrumb\":{\"@id\":\"https:\\\/\\\/linden-gut.eu\\\/de\\\/veranstaltungen-2\\\/kategorien\\\/#breadcrumb\"},\"inLanguage\":\"de\",\"potentialAction\":[{\"@type\":\"ReadAction\",\"target\":[\"https:\\\/\\\/linden-gut.eu\\\/de\\\/veranstaltungen-2\\\/kategorien\\\/\"]}]},{\"@type\":\"BreadcrumbList\",\"@id\":\"https:\\\/\\\/linden-gut.eu\\\/de\\\/veranstaltungen-2\\\/kategorien\\\/#breadcrumb\",\"itemListElement\":[{\"@type\":\"ListItem\",\"position\":1,\"name\":\"Startseite\",\"item\":\"https:\\\/\\\/linden-gut.eu\\\/de\\\/\"},{\"@type\":\"ListItem\",\"position\":2,\"name\":\"Veranstaltungen\",\"item\":\"https:\\\/\\\/linden-gut.eu\\\/de\\\/veranstaltungen-2\\\/\"},{\"@type\":\"ListItem\",\"position\":3,\"name\":\"Kategorien\"}]},{\"@type\":\"WebSite\",\"@id\":\"https:\\\/\\\/linden-gut.eu\\\/de\\\/#website\",\"url\":\"https:\\\/\\\/linden-gut.eu\\\/de\\\/\",\"name\":\"LindenGut\",\"description\":\"Nachhaltiger Genuss und Komfort \u2013 Bio-Qualit\u00e4t in Hotel, Herberge, Hofladen und mehr.\",\"publisher\":{\"@id\":\"https:\\\/\\\/linden-gut.eu\\\/de\\\/#organization\"},\"potentialAction\":[{\"@type\":\"SearchAction\",\"target\":{\"@type\":\"EntryPoint\",\"urlTemplate\":\"https:\\\/\\\/linden-gut.eu\\\/de\\\/?s={search_term_string}\"},\"query-input\":{\"@type\":\"PropertyValueSpecification\",\"valueRequired\":true,\"valueName\":\"search_term_string\"}}],\"inLanguage\":\"de\"},{\"@type\":\"Organization\",\"@id\":\"https:\\\/\\\/linden-gut.eu\\\/de\\\/#organization\",\"name\":\"LindenGut GmbH & Co. KG\",\"url\":\"https:\\\/\\\/linden-gut.eu\\\/de\\\/\",\"logo\":{\"@type\":\"ImageObject\",\"inLanguage\":\"de\",\"@id\":\"https:\\\/\\\/linden-gut.eu\\\/de\\\/#\\\/schema\\\/logo\\\/image\\\/\",\"url\":\"https:\\\/\\\/linden-gut.eu\\\/wp-content\\\/uploads\\\/2021\\\/04\\\/Biohotel-Lindengut-Favicon.png\",\"contentUrl\":\"https:\\\/\\\/linden-gut.eu\\\/wp-content\\\/uploads\\\/2021\\\/04\\\/Biohotel-Lindengut-Favicon.png\",\"width\":712,\"height\":712,\"caption\":\"LindenGut GmbH & Co. KG\"},\"image\":{\"@id\":\"https:\\\/\\\/linden-gut.eu\\\/de\\\/#\\\/schema\\\/logo\\\/image\\\/\"},\"sameAs\":[\"https:\\\/\\\/www.facebook.com\\\/LindenGutDipperz\",\"https:\\\/\\\/www.instagram.com\\\/lindengut_biohotel\\\/\",\"http:\\\/\\\/www.youtube.com\\\/@lindengutwegweiser2448\"]}]}<\/script>\n<!-- \/ Yoast SEO plugin. -->","yoast_head_json":{"title":"Fr\u00fchst\u00fcck & Brunch im LindenGut-Biohotel |","description":"Probiere unser k\u00f6stliches Kikeriki-Fr\u00fchst\u00fcck und Brunch im Biohotel LindenGut in der Rh\u00f6n (Hessen) - Jetzt Platz buchen!","robots":{"index":"index","follow":"follow","max-snippet":"max-snippet:-1","max-image-preview":"max-image-preview:large","max-video-preview":"max-video-preview:-1"},"canonical":"https:\/\/linden-gut.eu\/de\/veranstaltungen-2\/kategorien\/","og_locale":"de_DE","og_type":"article","og_title":"Fr\u00fchst\u00fcck & Brunch im LindenGut-Biohotel |","og_description":"Probiere unser k\u00f6stliches Kikeriki-Fr\u00fchst\u00fcck und Brunch im Biohotel LindenGut in der Rh\u00f6n (Hessen) - Jetzt Platz buchen!","og_url":"https:\/\/linden-gut.eu\/de\/veranstaltungen-2\/kategorien\/","article_publisher":"https:\/\/www.facebook.com\/LindenGutDipperz","article_modified_time":"2025-01-31T13:43:42+00:00","og_image":[{"width":1024,"height":512,"url":"https:\/\/linden-gut.eu\/wp-content\/uploads\/2021\/04\/Biohotel-Lindengut-Logo.png","type":"image\/png"}],"twitter_card":"summary_large_image","twitter_misc":{"Gesch\u00e4tzte Lesezeit":"1\u00a0Minute"},"schema":{"@context":"https:\/\/schema.org","@graph":[{"@type":"WebPage","@id":"https:\/\/linden-gut.eu\/de\/veranstaltungen-2\/kategorien\/","url":"https:\/\/linden-gut.eu\/de\/veranstaltungen-2\/kategorien\/","name":"Fr\u00fchst\u00fcck & Brunch im LindenGut-Biohotel |","isPartOf":{"@id":"https:\/\/linden-gut.eu\/de\/#website"},"datePublished":"2024-02-28T12:40:03+00:00","dateModified":"2025-01-31T13:43:42+00:00","description":"Probiere unser k\u00f6stliches Kikeriki-Fr\u00fchst\u00fcck und Brunch im Biohotel LindenGut in der Rh\u00f6n (Hessen) - Jetzt Platz buchen!","breadcrumb":{"@id":"https:\/\/linden-gut.eu\/de\/veranstaltungen-2\/kategorien\/#breadcrumb"},"inLanguage":"de","potentialAction":[{"@type":"ReadAction","target":["https:\/\/linden-gut.eu\/de\/veranstaltungen-2\/kategorien\/"]}]},{"@type":"BreadcrumbList","@id":"https:\/\/linden-gut.eu\/de\/veranstaltungen-2\/kategorien\/#breadcrumb","itemListElement":[{"@type":"ListItem","position":1,"name":"Startseite","item":"https:\/\/linden-gut.eu\/de\/"},{"@type":"ListItem","position":2,"name":"Veranstaltungen","item":"https:\/\/linden-gut.eu\/de\/veranstaltungen-2\/"},{"@type":"ListItem","position":3,"name":"Kategorien"}]},{"@type":"WebSite","@id":"https:\/\/linden-gut.eu\/de\/#website","url":"https:\/\/linden-gut.eu\/de\/","name":"LindenGut","description":"Nachhaltiger Genuss und Komfort \u2013 Bio-Qualit\u00e4t in Hotel, Herberge, Hofladen und mehr.","publisher":{"@id":"https:\/\/linden-gut.eu\/de\/#organization"},"potentialAction":[{"@type":"SearchAction","target":{"@type":"EntryPoint","urlTemplate":"https:\/\/linden-gut.eu\/de\/?s={search_term_string}"},"query-input":{"@type":"PropertyValueSpecification","valueRequired":true,"valueName":"search_term_string"}}],"inLanguage":"de"},{"@type":"Organization","@id":"https:\/\/linden-gut.eu\/de\/#organization","name":"LindenGut GmbH & Co. KG","url":"https:\/\/linden-gut.eu\/de\/","logo":{"@type":"ImageObject","inLanguage":"de","@id":"https:\/\/linden-gut.eu\/de\/#\/schema\/logo\/image\/","url":"https:\/\/linden-gut.eu\/wp-content\/uploads\/2021\/04\/Biohotel-Lindengut-Favicon.png","contentUrl":"https:\/\/linden-gut.eu\/wp-content\/uploads\/2021\/04\/Biohotel-Lindengut-Favicon.png","width":712,"height":712,"caption":"LindenGut GmbH & Co. KG"},"image":{"@id":"https:\/\/linden-gut.eu\/de\/#\/schema\/logo\/image\/"},"sameAs":["https:\/\/www.facebook.com\/LindenGutDipperz","https:\/\/www.instagram.com\/lindengut_biohotel\/","http:\/\/www.youtube.com\/@lindengutwegweiser2448"]}]}},"_links":{"self":[{"href":"https:\/\/linden-gut.eu\/de\/wp-json\/wp\/v2\/pages\/7422","targetHints":{"allow":["GET"]}}],"collection":[{"href":"https:\/\/linden-gut.eu\/de\/wp-json\/wp\/v2\/pages"}],"about":[{"href":"https:\/\/linden-gut.eu\/de\/wp-json\/wp\/v2\/types\/page"}],"author":[{"embeddable":true,"href":"https:\/\/linden-gut.eu\/de\/wp-json\/wp\/v2\/users\/1"}],"replies":[{"embeddable":true,"href":"https:\/\/linden-gut.eu\/de\/wp-json\/wp\/v2\/comments?post=7422"}],"version-history":[{"count":1,"href":"https:\/\/linden-gut.eu\/de\/wp-json\/wp\/v2\/pages\/7422\/revisions"}],"predecessor-version":[{"id":9516,"href":"https:\/\/linden-gut.eu\/de\/wp-json\/wp\/v2\/pages\/7422\/revisions\/9516"}],"up":[{"embeddable":true,"href":"https:\/\/linden-gut.eu\/de\/wp-json\/wp\/v2\/pages\/7420"}],"wp:attachment":[{"href":"https:\/\/linden-gut.eu\/de\/wp-json\/wp\/v2\/media?parent=7422"}],"curies":[{"name":"wp","href":"https:\/\/api.w.org\/{rel}","templated":true}]}}