{"id":73,"date":"2021-04-27T09:34:52","date_gmt":"2021-04-27T09:34:52","guid":{"rendered":"https:\/\/b36oyymf.myrdbx.io\/?page_id=73"},"modified":"2026-04-10T14:43:14","modified_gmt":"2026-04-10T14:43:14","slug":"biofleisch-aus-hessen","status":"publish","type":"page","link":"https:\/\/linden-gut.eu\/de\/biofleisch-aus-hessen\/","title":{"rendered":"Biofleisch aus Hessen"},"content":{"rendered":"<p><a href=\"#bestellen\">Biofleisch vom Demeterhof LindenGutUnter dem Motto \u201eWeniger Fleisch \u2013 daf\u00fcr bewusst &#038; gut\u201c bieten wir auf unserem Demeter-zertifizierten Hof bestes Biofleisch aus Hessen.Jetzt bestellen<\/a>\t\t\t\t<\/p>\n<h1>Biofleisch aus Hessen \u2013 direkt vom Demeterhof LindenGut<\/h1>\n<h2>\n\t\t\t\t\t100 % zertifiziertes Demeter-Fleisch vorbestellen<br \/>\n\t\t\t\t<\/h2>\n<p>Unter dem Motto \u201eWeniger Fleisch \u2013 daf\u00fcr bewusst und gut\u201c bieten wir auf unserem Demeter-zertifizierten Hof bestes Biofleisch von Tieren\u00a0aus artgerechter Haltung.\u00a0Und so funktioniert&#8217;s:<\/p>\n<ul>\n<li>Geben Sie uns Ihre Vorbestellung f\u00fcr Biofleisch\u00a0in der gew\u00fcnschten Menge gerne per Mail oder Bestellformular durch. \u00a0Wir haben eine eigene kleine Bio Metzgerei am Hof &#8211; hier ist unser Metzger Edmund Mathis gerne f\u00fcr Sie da.<\/li>\n<li>Wir verarbeiten immer ganze Tiere f\u00fcr unsere Kunden und Gastronomen &#8211; gerne \u00a0k\u00f6nnen Sie auch Viertel oder H\u00e4lften anfragen,<\/li>\n<li>Wir schlachten am Hof unsere H\u00fchner, H\u00e4hne, G\u00e4nse und Enten selbst. \u00a0Nur unsere Gro\u00dftiere bringen wir derzeit noch zum Schlachthof Fulda oder zum Metzger Schmitt nach Oberwei\u00dfenbrunn. \u00a0Anschlie\u00dfend holen wir das Tier in H\u00e4lften oder Vierteln dort wieder ab. Tempor\u00e4r und bei Bedarf lassen wir uns auch das Biofleisch bei unserem Bio-Metzger Kollegen Kleinhenz aus Oberleichtersbach und der Metzgerei Schmitt aus Oberwei\u00dfenbrunn \u00a0in Teilst\u00fccke portionieren. \u00a0So k\u00f6nnen wir in unserer Metzgerei dann diese Teilst\u00fccke besser weiterveredeln, verarbeiten und reifen lassen.<\/li>\n<li>F\u00fcr die Reifung steht uns ein Dry Ager-Reifeschrank zur Verf\u00fcgung, und auch das Payer Aging Verfahren nutzen wir gerne &#8211; damit das Bio Fleisch zu einer ganz besonderen LindenGut Spezialit\u00e4t wird.<\/li>\n<li>Das Biofleisch wird vakuumiert, was den Transport und auch das Einlagern oder Einfrieren zu Hause erleichtert. \u00a0Bio-Hackfleischprodukte werden schockgefrostet.<\/li>\n<li>Ihr Bio-Fleisch k\u00f6nnen Sie entweder direkt in unserem Hofladen in Dipperz oder im neuen Stadtladen in Fulda (Rabanusstrasse 1) abholen.<\/li>\n<\/ul>\n<p>\t\t\t\t\t<a href=\"#bestellen\"><br \/>\n\t\t\t\t\t\t\t\t\tJetzt bestellen<br \/>\n\t\t\t\t\t<\/a><br \/>\n\t\t\t\t\t\t\t\t\t\t\t\t\t\t\t<img fetchpriority=\"high\" decoding=\"async\" width=\"430\" height=\"284\" src=\"https:\/\/linden-gut.eu\/wp-content\/uploads\/2021\/05\/Biohotel-Lindengut-Biofleisch-Demeter-Fleisch-Gewuerze.jpg\" alt=\"Biohotel Lindengut Biofleisch Demeter Gew\u00fcrze\" srcset=\"https:\/\/linden-gut.eu\/wp-content\/uploads\/2021\/05\/Biohotel-Lindengut-Biofleisch-Demeter-Fleisch-Gewuerze.jpg 430w, https:\/\/linden-gut.eu\/wp-content\/uploads\/2021\/05\/Biohotel-Lindengut-Biofleisch-Demeter-Fleisch-Gewuerze-300x198.jpg 300w\" sizes=\"(max-width: 430px) 100vw, 430px\" \/><br \/>\n\t\t\t\t\t\t\t\t\t\t\t\t\t\t\t<img decoding=\"async\" width=\"430\" height=\"284\" src=\"https:\/\/linden-gut.eu\/wp-content\/uploads\/2021\/05\/Biohotel-Lindengut-Biofleisch-Demeter-chicken.jpg\" alt=\"Biohotel Lindengut Biofleisch Demeter\" srcset=\"https:\/\/linden-gut.eu\/wp-content\/uploads\/2021\/05\/Biohotel-Lindengut-Biofleisch-Demeter-chicken.jpg 430w, https:\/\/linden-gut.eu\/wp-content\/uploads\/2021\/05\/Biohotel-Lindengut-Biofleisch-Demeter-chicken-300x198.jpg 300w\" sizes=\"(max-width: 430px) 100vw, 430px\" \/><br \/>\n\t\t\t\t\t\t\t\t\t\t\t\t\t\t\t<img decoding=\"async\" width=\"430\" height=\"284\" src=\"https:\/\/linden-gut.eu\/wp-content\/uploads\/2021\/05\/Biohotel-Lindengut-Biofleisch-Demeter-Steaks.jpg\" alt=\"Biohotel Lindengut Biofleisch Demeter Steak\" srcset=\"https:\/\/linden-gut.eu\/wp-content\/uploads\/2021\/05\/Biohotel-Lindengut-Biofleisch-Demeter-Steaks.jpg 430w, https:\/\/linden-gut.eu\/wp-content\/uploads\/2021\/05\/Biohotel-Lindengut-Biofleisch-Demeter-Steaks-300x198.jpg 300w\" sizes=\"(max-width: 430px) 100vw, 430px\" \/><br \/>\n\t\t\t\t\t\t\t\t\t\t\t\t\t\t\t<img loading=\"lazy\" decoding=\"async\" width=\"430\" height=\"284\" src=\"https:\/\/linden-gut.eu\/wp-content\/uploads\/2021\/05\/Biohotel-Lindengut-Fasten-Box-Oel.jpg\" alt=\"Biohotel Lindengut Bio Fasten Box \u00d6lkur\" srcset=\"https:\/\/linden-gut.eu\/wp-content\/uploads\/2021\/05\/Biohotel-Lindengut-Fasten-Box-Oel.jpg 430w, https:\/\/linden-gut.eu\/wp-content\/uploads\/2021\/05\/Biohotel-Lindengut-Fasten-Box-Oel-300x198.jpg 300w\" sizes=\"(max-width: 430px) 100vw, 430px\" \/><br \/>\n\t\t\t\t\t\t\t\t\t\t\t\t\t\t\t<img decoding=\"async\" src=\"https:\/\/linden-gut.eu\/wp-content\/uploads\/elementor\/thumbs\/Biohotel-Lindengut-Biofleisch-Demeter-Fleisch-Gebraten-qx23j80cbor2tsojq77kow4dhkpwquea2p5gukny88.jpg\" title=\"Biohotel-Lindengut-Biofleisch-Demeter-Fleisch-Gebraten\" alt=\"Biohotel Lindengut Biofleisch Demeter\" loading=\"lazy\" \/>\t\t\t\t\t\t\t\t\t\t\t\t\t\t\t<\/p>\n<h2>Bestes Biofleisch aus Hessen \u2013 nat\u00fcrlich genie\u00dfen<\/h2>\n<p>Unsere Charolais und Aubrac Rinder haben \u00fcbrigens H\u00f6rner und alle unsere Tiere werden unter den strengen Auflagen des Demeter-Siegels gehalten.&nbsp; Sie ern\u00e4hren sich ausschlie\u00dflich von 100% biologischem Futter, das selbstverst\u00e4ndlich frei von Gentechnik und Antibiotika ist. Bei unserem Fleisch werden auch keine E-Nummern, Zucker, Farb- oder Konservierungsstoffe verwendet. Wir sind zertifiziert nach DE-\u00d6KO 006. Alle unten aufgef\u00fchrten Biofleisch-Produkte sind aus eigener Erzeugung. Produkte mit * sind aus eigener Jagd\/konventionell.<\/p>\n<p>&nbsp;<\/p>\n<h2>BIO RINDFLEISCH vom demeter Charolais &amp; Aubrac Rind<\/h2>\n<p>Rindfleischpakete 5 kg &amp; 10 Kg k\u00f6nnen ab sofort wieder vorbestellt werden &nbsp;\u2026.<\/p>\n<p>\t\t\t\t\t\t\t\t\t\t\t\t\t\t\t<img loading=\"lazy\" decoding=\"async\" width=\"1024\" height=\"682\" src=\"https:\/\/linden-gut.eu\/wp-content\/uploads\/2021\/05\/Biohotel-Lindengut-Biofleisch-Demeter-Fleisch-klein-1024x682.jpg\" alt=\"Biohotel Lindengut Biofleisch Demeter\" srcset=\"https:\/\/linden-gut.eu\/wp-content\/uploads\/2021\/05\/Biohotel-Lindengut-Biofleisch-Demeter-Fleisch-klein-1024x682.jpg 1024w, https:\/\/linden-gut.eu\/wp-content\/uploads\/2021\/05\/Biohotel-Lindengut-Biofleisch-Demeter-Fleisch-klein-300x200.jpg 300w, https:\/\/linden-gut.eu\/wp-content\/uploads\/2021\/05\/Biohotel-Lindengut-Biofleisch-Demeter-Fleisch-klein-768x512.jpg 768w, https:\/\/linden-gut.eu\/wp-content\/uploads\/2021\/05\/Biohotel-Lindengut-Biofleisch-Demeter-Fleisch-klein.jpg 1216w\" sizes=\"(max-width: 1024px) 100vw, 1024px\" \/>\t\t\t\t\t\t\t\t\t\t\t\t\t\t\t<\/p>\n<p>Paket klein: 5 kg<\/p>\n<p>Je nach Saison unterschiedliche Zusammenstellung: Hackfleisch, Bratwurst, Bratenst\u00fcck, Rouladen, Gulasch, Suppenfleisch, Beinscheibe, Steaks, Burgerpaddies.<\/p>\n<h2>\n\t\t\t\t\t25,00 \u20ac \/ kg inkl. MwSt.\u00a0<br \/>\n\t\t\t\t<\/h2>\n<p>\t\t\t\t\t\t\t\t\t\t\t\t\t\t\t<img loading=\"lazy\" decoding=\"async\" width=\"1024\" height=\"682\" src=\"https:\/\/linden-gut.eu\/wp-content\/uploads\/2021\/05\/Biohotel-Lindengut-Biofleisch-Demeter-Fleisch-goss-1024x682.jpg\" alt=\"Biohotel Lindengut Biofleisch Demeter\" srcset=\"https:\/\/linden-gut.eu\/wp-content\/uploads\/2021\/05\/Biohotel-Lindengut-Biofleisch-Demeter-Fleisch-goss-1024x682.jpg 1024w, https:\/\/linden-gut.eu\/wp-content\/uploads\/2021\/05\/Biohotel-Lindengut-Biofleisch-Demeter-Fleisch-goss-300x200.jpg 300w, https:\/\/linden-gut.eu\/wp-content\/uploads\/2021\/05\/Biohotel-Lindengut-Biofleisch-Demeter-Fleisch-goss-768x512.jpg 768w, https:\/\/linden-gut.eu\/wp-content\/uploads\/2021\/05\/Biohotel-Lindengut-Biofleisch-Demeter-Fleisch-goss.jpg 1216w\" sizes=\"(max-width: 1024px) 100vw, 1024px\" \/>\t\t\t\t\t\t\t\t\t\t\t\t\t\t\t<\/p>\n<h3>Paket gro\u00df: 10 kg<\/h3>\n<p>Je nach Saison unterschiedliche Zusammenstellung: Hackfleisch, Bratwurst, Bratenst\u00fcck, Rouladen, Gulasch, Suppenfleisch, Beinscheibe, Steaks, Burgerpaddies.<\/p>\n<h2>\n\t\t\t\t\t21,50\u20ac \/ kg inkl. MwSt.<br \/>\n\t\t\t\t<\/h2>\n<p>\t\t<b>Wir verarbeiten bewusst das ganze Tier und bieten deswegen Edelteile aufgrund der limitierten Anzahl nur auf Anfrage an!<\/b>Mindestbestellmenge 1kg (Hackfleisch und Bratwurst ab 500g)\u00a0<\/p>\n<ul>\n<li>Bio Entrec\u00f4te (Rib Eye): 49,90\u20ac\/kg inkl. MwSt.<\/li>\n<li>Bio Rinderfilet: 71,99\u20ac\/kg inkl. MwSt. (limitiert \u2013 ein Rind hat nur zwei Filets!)<\/li>\n<li>Bio Beinscheiben: 15,00\u20ac\/kg inkl. MwSt. (ideal f\u00fcr Suppen)<\/li>\n<li>Bio Rinderhackfleischzubereitung (TK): 19,90\u20ac\/kg inkl. MwSt.<\/li>\n<li>Bio Rinderbratwurst mild gew\u00fcrzt im Schafsaitling (TK): 25,90\u20ac\/kg inkl. MwSt.<\/li>\n<\/ul>\n<p>\t\t\t\t\t\t\t\t\t\t\t\t\t\t\t<img loading=\"lazy\" decoding=\"async\" width=\"2048\" height=\"1024\" src=\"https:\/\/linden-gut.eu\/wp-content\/uploads\/2021\/05\/Biohotel-Lindengut-Biofleisch-Demeter-Fleisch-Gaense-2048x1024.jpg\" alt=\"Biohotel Lindengut Biofleisch Demeter G\u00e4nse\" srcset=\"https:\/\/linden-gut.eu\/wp-content\/uploads\/2021\/05\/Biohotel-Lindengut-Biofleisch-Demeter-Fleisch-Gaense-2048x1024.jpg 2048w, https:\/\/linden-gut.eu\/wp-content\/uploads\/2021\/05\/Biohotel-Lindengut-Biofleisch-Demeter-Fleisch-Gaense-300x150.jpg 300w, https:\/\/linden-gut.eu\/wp-content\/uploads\/2021\/05\/Biohotel-Lindengut-Biofleisch-Demeter-Fleisch-Gaense-1024x512.jpg 1024w, https:\/\/linden-gut.eu\/wp-content\/uploads\/2021\/05\/Biohotel-Lindengut-Biofleisch-Demeter-Fleisch-Gaense-768x384.jpg 768w, https:\/\/linden-gut.eu\/wp-content\/uploads\/2021\/05\/Biohotel-Lindengut-Biofleisch-Demeter-Fleisch-Gaense-1536x768.jpg 1536w\" sizes=\"(max-width: 2048px) 100vw, 2048px\" \/>\t\t\t\t\t\t\t\t\t\t\t\t\t\t\t<\/p>\n<p style=\"text-align: left;\"><strong>Gan(s) und gar:<\/strong><\/p>\n<p style=\"text-align: left;\">Unsere BIO Weideg\u00e4nse sind zu Weihnachten erh\u00e4ltlich.\u00a0Unsere G\u00e4nse sind\u00a0nach dem Schlachten etwa\u00a03-5 kg schwer.\u00a0Wir legen die Innereien in das Innere der Gans.<\/p>\n<p>\t\t\t\t\t\t\t\t\t\t\t\t\t\t\t<img loading=\"lazy\" decoding=\"async\" width=\"1440\" height=\"1440\" src=\"https:\/\/linden-gut.eu\/wp-content\/uploads\/2021\/05\/Biohotel-Lindengut-Biofleisch-Demeter-Fleisch-Stuecke-2048x2048.jpg\" alt=\"Biohotel Lindengut Biofleisch Demeter\" srcset=\"https:\/\/linden-gut.eu\/wp-content\/uploads\/2021\/05\/Biohotel-Lindengut-Biofleisch-Demeter-Fleisch-Stuecke.jpg 1440w, https:\/\/linden-gut.eu\/wp-content\/uploads\/2021\/05\/Biohotel-Lindengut-Biofleisch-Demeter-Fleisch-Stuecke-300x300.jpg 300w, https:\/\/linden-gut.eu\/wp-content\/uploads\/2021\/05\/Biohotel-Lindengut-Biofleisch-Demeter-Fleisch-Stuecke-1024x1024.jpg 1024w, https:\/\/linden-gut.eu\/wp-content\/uploads\/2021\/05\/Biohotel-Lindengut-Biofleisch-Demeter-Fleisch-Stuecke-150x150.jpg 150w, https:\/\/linden-gut.eu\/wp-content\/uploads\/2021\/05\/Biohotel-Lindengut-Biofleisch-Demeter-Fleisch-Stuecke-768x768.jpg 768w\" sizes=\"(max-width: 1440px) 100vw, 1440px\" \/>\t\t\t\t\t\t\t\t\t\t\t\t\t\t\t<\/p>\n<h2>Bio-Fleisch von unseren H\u00fchnern und Weideg\u00e4nsen<\/h2>\n<p>Vorbestellungen f\u00fcr unsere BIO H\u00fchner sind ab jetzt m\u00f6glich!<\/p>\n<ul>\n<li>Bio Zweinutzungshahn (TK), ca. 1,3 \u2013 1,4 kg: 16,50\u00a0\u20ac\/kg<\/li>\n<li>Demeter Suppenh\u00fchner: 12,50\u00a0\u20ac\/kg<\/li>\n<li>Demeter Glasgerichte: H\u00fchnerfrikass\u00e9e, Huhn im Glas, H\u00fchnersuppe oder Gefl\u00fcgelbolognese vom Hahn &#8211; in 400ml oder 700ml Gl\u00e4ser &#8211; jetzt bestellen!<\/li>\n<\/ul>\n<h2>Vorbestellung Bio-Fleisch<\/h2>\n<p>Es gelten unserer <a href=\"https:\/\/linden-gut.eu\/agb\/\">AGB<\/a> und <a href=\"https:\/\/linden-gut.eu\/datenschutz\/\">Datenschutz<\/a>-Richtlinien.<\/p>\n","protected":false},"excerpt":{"rendered":"<p>Biofleisch vom Demeterhof LindenGutUnter dem Motto \u201eWeniger Fleisch \u2013 daf\u00fcr bewusst &#038; gut\u201c bieten wir auf unserem Demeter-zertifizierten Hof bestes Biofleisch aus Hessen.Jetzt bestellen Biofleisch aus Hessen \u2013 direkt vom Demeterhof LindenGut 100 % zertifiziertes Demeter-Fleisch vorbestellen Unter dem Motto \u201eWeniger Fleisch \u2013 daf\u00fcr bewusst und gut\u201c bieten wir auf unserem Demeter-zertifizierten Hof bestes Biofleisch [&hellip;]<\/p>\n","protected":false},"author":2,"featured_media":0,"parent":0,"menu_order":0,"comment_status":"closed","ping_status":"closed","template":"","meta":{"site-sidebar-layout":"no-sidebar","site-content-layout":"page-builder","ast-site-content-layout":"full-width-container","site-content-style":"unboxed","site-sidebar-style":"unboxed","ast-global-header-display":"","ast-banner-title-visibility":"","ast-main-header-display":"","ast-hfb-above-header-display":"","ast-hfb-below-header-display":"","ast-hfb-mobile-header-display":"","site-post-title":"disabled","ast-breadcrumbs-content":"","ast-featured-img":"disabled","footer-sml-layout":"","ast-disable-related-posts":"","theme-transparent-header-meta":"default","adv-header-id-meta":"","stick-header-meta":"default","header-above-stick-meta":"","header-main-stick-meta":"","header-below-stick-meta":"","astra-migrate-meta-layouts":"set","ast-page-background-enabled":"default","ast-page-background-meta":{"desktop":{"background-color":"","background-image":"","background-repeat":"repeat","background-position":"center center","background-size":"auto","background-attachment":"scroll","background-type":"","background-media":"","overlay-type":"","overlay-color":"","overlay-opacity":"","overlay-gradient":""},"tablet":{"background-color":"","background-image":"","background-repeat":"repeat","background-position":"center center","background-size":"auto","background-attachment":"scroll","background-type":"","background-media":"","overlay-type":"","overlay-color":"","overlay-opacity":"","overlay-gradient":""},"mobile":{"background-color":"","background-image":"","background-repeat":"repeat","background-position":"center center","background-size":"auto","background-attachment":"scroll","background-type":"","background-media":"","overlay-type":"","overlay-color":"","overlay-opacity":"","overlay-gradient":""}},"ast-content-background-meta":{"desktop":{"background-color":"var(--ast-global-color-5)","background-image":"","background-repeat":"repeat","background-position":"center center","background-size":"auto","background-attachment":"scroll","background-type":"","background-media":"","overlay-type":"","overlay-color":"","overlay-opacity":"","overlay-gradient":""},"tablet":{"background-color":"var(--ast-global-color-5)","background-image":"","background-repeat":"repeat","background-position":"center center","background-size":"auto","background-attachment":"scroll","background-type":"","background-media":"","overlay-type":"","overlay-color":"","overlay-opacity":"","overlay-gradient":""},"mobile":{"background-color":"var(--ast-global-color-5)","background-image":"","background-repeat":"repeat","background-position":"center center","background-size":"auto","background-attachment":"scroll","background-type":"","background-media":"","overlay-type":"","overlay-color":"","overlay-opacity":"","overlay-gradient":""}},"footnotes":""},"class_list":["post-73","page","type-page","status-publish","hentry"],"yoast_head":"<!-- This site is optimized with the Yoast SEO plugin v27.5 - https:\/\/yoast.com\/product\/yoast-seo-wordpress\/ -->\n<title>Bio Fleisch aus Hessen online kaufen | Demeterhof LindenGut<\/title>\n<meta name=\"description\" content=\"Unter dem Motto \u201eWeniger Fleisch \u2013 daf\u00fcr bewusst &amp; gut\u201c bieten wir auf unserem Demeter-Hof bestes Biofleisch aus Hessen \u27a8 Jetzt bestellen!\" \/>\n<meta name=\"robots\" content=\"index, follow, max-snippet:-1, max-image-preview:large, max-video-preview:-1\" \/>\n<link rel=\"canonical\" href=\"https:\/\/linden-gut.eu\/de\/biofleisch-aus-hessen\/\" \/>\n<meta property=\"og:locale\" content=\"de_DE\" \/>\n<meta property=\"og:type\" content=\"article\" \/>\n<meta property=\"og:title\" content=\"Bio Fleisch aus Hessen online kaufen | Demeterhof LindenGut\" \/>\n<meta property=\"og:description\" content=\"Unter dem Motto \u201eWeniger Fleisch \u2013 daf\u00fcr bewusst &amp; gut\u201c bieten wir auf unserem Demeter-Hof bestes Biofleisch aus Hessen \u27a8 Jetzt bestellen!\" \/>\n<meta property=\"og:url\" content=\"https:\/\/linden-gut.eu\/de\/biofleisch-aus-hessen\/\" \/>\n<meta property=\"article:publisher\" content=\"https:\/\/www.facebook.com\/LindenGutDipperz\" \/>\n<meta property=\"article:modified_time\" content=\"2026-04-10T14:43:14+00:00\" \/>\n<meta property=\"og:image\" content=\"https:\/\/linden-gut.eu\/wp-content\/uploads\/2021\/05\/Biohotel-Lindengut-Biofleisch-Demeter-Fleisch-Gewuerze.jpg\" \/>\n<meta name=\"twitter:card\" content=\"summary_large_image\" \/>\n<meta name=\"twitter:label1\" content=\"Gesch\u00e4tzte Lesezeit\" \/>\n\t<meta name=\"twitter:data1\" content=\"5\u00a0Minuten\" \/>\n<script type=\"application\/ld+json\" class=\"yoast-schema-graph\">{\"@context\":\"https:\\\/\\\/schema.org\",\"@graph\":[{\"@type\":\"WebPage\",\"@id\":\"https:\\\/\\\/linden-gut.eu\\\/de\\\/biofleisch-aus-hessen\\\/\",\"url\":\"https:\\\/\\\/linden-gut.eu\\\/de\\\/biofleisch-aus-hessen\\\/\",\"name\":\"Bio Fleisch aus Hessen online kaufen | Demeterhof LindenGut\",\"isPartOf\":{\"@id\":\"https:\\\/\\\/linden-gut.eu\\\/de\\\/#website\"},\"primaryImageOfPage\":{\"@id\":\"https:\\\/\\\/linden-gut.eu\\\/de\\\/biofleisch-aus-hessen\\\/#primaryimage\"},\"image\":{\"@id\":\"https:\\\/\\\/linden-gut.eu\\\/de\\\/biofleisch-aus-hessen\\\/#primaryimage\"},\"thumbnailUrl\":\"https:\\\/\\\/linden-gut.eu\\\/wp-content\\\/uploads\\\/2021\\\/05\\\/Biohotel-Lindengut-Biofleisch-Demeter-Fleisch-Gewuerze.jpg\",\"datePublished\":\"2021-04-27T09:34:52+00:00\",\"dateModified\":\"2026-04-10T14:43:14+00:00\",\"description\":\"Unter dem Motto \u201eWeniger Fleisch \u2013 daf\u00fcr bewusst & gut\u201c bieten wir auf unserem Demeter-Hof bestes Biofleisch aus Hessen \u27a8 Jetzt bestellen!\",\"breadcrumb\":{\"@id\":\"https:\\\/\\\/linden-gut.eu\\\/de\\\/biofleisch-aus-hessen\\\/#breadcrumb\"},\"inLanguage\":\"de\",\"potentialAction\":[{\"@type\":\"ReadAction\",\"target\":[\"https:\\\/\\\/linden-gut.eu\\\/de\\\/biofleisch-aus-hessen\\\/\"]}]},{\"@type\":\"ImageObject\",\"inLanguage\":\"de\",\"@id\":\"https:\\\/\\\/linden-gut.eu\\\/de\\\/biofleisch-aus-hessen\\\/#primaryimage\",\"url\":\"https:\\\/\\\/linden-gut.eu\\\/wp-content\\\/uploads\\\/2021\\\/05\\\/Biohotel-Lindengut-Biofleisch-Demeter-Fleisch-Gewuerze.jpg\",\"contentUrl\":\"https:\\\/\\\/linden-gut.eu\\\/wp-content\\\/uploads\\\/2021\\\/05\\\/Biohotel-Lindengut-Biofleisch-Demeter-Fleisch-Gewuerze.jpg\"},{\"@type\":\"BreadcrumbList\",\"@id\":\"https:\\\/\\\/linden-gut.eu\\\/de\\\/biofleisch-aus-hessen\\\/#breadcrumb\",\"itemListElement\":[{\"@type\":\"ListItem\",\"position\":1,\"name\":\"Startseite\",\"item\":\"https:\\\/\\\/linden-gut.eu\\\/de\\\/\"},{\"@type\":\"ListItem\",\"position\":2,\"name\":\"Biofleisch aus Hessen\"}]},{\"@type\":\"WebSite\",\"@id\":\"https:\\\/\\\/linden-gut.eu\\\/de\\\/#website\",\"url\":\"https:\\\/\\\/linden-gut.eu\\\/de\\\/\",\"name\":\"LindenGut\",\"description\":\"Nachhaltiger Genuss und Komfort \u2013 Bio-Qualit\u00e4t in Hotel, Herberge, Hofladen und mehr.\",\"publisher\":{\"@id\":\"https:\\\/\\\/linden-gut.eu\\\/de\\\/#organization\"},\"potentialAction\":[{\"@type\":\"SearchAction\",\"target\":{\"@type\":\"EntryPoint\",\"urlTemplate\":\"https:\\\/\\\/linden-gut.eu\\\/de\\\/?s={search_term_string}\"},\"query-input\":{\"@type\":\"PropertyValueSpecification\",\"valueRequired\":true,\"valueName\":\"search_term_string\"}}],\"inLanguage\":\"de\"},{\"@type\":\"Organization\",\"@id\":\"https:\\\/\\\/linden-gut.eu\\\/de\\\/#organization\",\"name\":\"LindenGut GmbH & Co. KG\",\"url\":\"https:\\\/\\\/linden-gut.eu\\\/de\\\/\",\"logo\":{\"@type\":\"ImageObject\",\"inLanguage\":\"de\",\"@id\":\"https:\\\/\\\/linden-gut.eu\\\/de\\\/#\\\/schema\\\/logo\\\/image\\\/\",\"url\":\"https:\\\/\\\/linden-gut.eu\\\/wp-content\\\/uploads\\\/2021\\\/04\\\/Biohotel-Lindengut-Favicon.png\",\"contentUrl\":\"https:\\\/\\\/linden-gut.eu\\\/wp-content\\\/uploads\\\/2021\\\/04\\\/Biohotel-Lindengut-Favicon.png\",\"width\":712,\"height\":712,\"caption\":\"LindenGut GmbH & Co. KG\"},\"image\":{\"@id\":\"https:\\\/\\\/linden-gut.eu\\\/de\\\/#\\\/schema\\\/logo\\\/image\\\/\"},\"sameAs\":[\"https:\\\/\\\/www.facebook.com\\\/LindenGutDipperz\",\"https:\\\/\\\/www.instagram.com\\\/lindengut_biohotel\\\/\",\"http:\\\/\\\/www.youtube.com\\\/@lindengutwegweiser2448\"]}]}<\/script>\n<!-- \/ Yoast SEO plugin. -->","yoast_head_json":{"title":"Bio Fleisch aus Hessen online kaufen | Demeterhof LindenGut","description":"Unter dem Motto \u201eWeniger Fleisch \u2013 daf\u00fcr bewusst & gut\u201c bieten wir auf unserem Demeter-Hof bestes Biofleisch aus Hessen \u27a8 Jetzt bestellen!","robots":{"index":"index","follow":"follow","max-snippet":"max-snippet:-1","max-image-preview":"max-image-preview:large","max-video-preview":"max-video-preview:-1"},"canonical":"https:\/\/linden-gut.eu\/de\/biofleisch-aus-hessen\/","og_locale":"de_DE","og_type":"article","og_title":"Bio Fleisch aus Hessen online kaufen | Demeterhof LindenGut","og_description":"Unter dem Motto \u201eWeniger Fleisch \u2013 daf\u00fcr bewusst & gut\u201c bieten wir auf unserem Demeter-Hof bestes Biofleisch aus Hessen \u27a8 Jetzt bestellen!","og_url":"https:\/\/linden-gut.eu\/de\/biofleisch-aus-hessen\/","article_publisher":"https:\/\/www.facebook.com\/LindenGutDipperz","article_modified_time":"2026-04-10T14:43:14+00:00","og_image":[{"url":"https:\/\/linden-gut.eu\/wp-content\/uploads\/2021\/05\/Biohotel-Lindengut-Biofleisch-Demeter-Fleisch-Gewuerze.jpg","type":"","width":"","height":""}],"twitter_card":"summary_large_image","twitter_misc":{"Gesch\u00e4tzte Lesezeit":"5\u00a0Minuten"},"schema":{"@context":"https:\/\/schema.org","@graph":[{"@type":"WebPage","@id":"https:\/\/linden-gut.eu\/de\/biofleisch-aus-hessen\/","url":"https:\/\/linden-gut.eu\/de\/biofleisch-aus-hessen\/","name":"Bio Fleisch aus Hessen online kaufen | Demeterhof LindenGut","isPartOf":{"@id":"https:\/\/linden-gut.eu\/de\/#website"},"primaryImageOfPage":{"@id":"https:\/\/linden-gut.eu\/de\/biofleisch-aus-hessen\/#primaryimage"},"image":{"@id":"https:\/\/linden-gut.eu\/de\/biofleisch-aus-hessen\/#primaryimage"},"thumbnailUrl":"https:\/\/linden-gut.eu\/wp-content\/uploads\/2021\/05\/Biohotel-Lindengut-Biofleisch-Demeter-Fleisch-Gewuerze.jpg","datePublished":"2021-04-27T09:34:52+00:00","dateModified":"2026-04-10T14:43:14+00:00","description":"Unter dem Motto \u201eWeniger Fleisch \u2013 daf\u00fcr bewusst & gut\u201c bieten wir auf unserem Demeter-Hof bestes Biofleisch aus Hessen \u27a8 Jetzt bestellen!","breadcrumb":{"@id":"https:\/\/linden-gut.eu\/de\/biofleisch-aus-hessen\/#breadcrumb"},"inLanguage":"de","potentialAction":[{"@type":"ReadAction","target":["https:\/\/linden-gut.eu\/de\/biofleisch-aus-hessen\/"]}]},{"@type":"ImageObject","inLanguage":"de","@id":"https:\/\/linden-gut.eu\/de\/biofleisch-aus-hessen\/#primaryimage","url":"https:\/\/linden-gut.eu\/wp-content\/uploads\/2021\/05\/Biohotel-Lindengut-Biofleisch-Demeter-Fleisch-Gewuerze.jpg","contentUrl":"https:\/\/linden-gut.eu\/wp-content\/uploads\/2021\/05\/Biohotel-Lindengut-Biofleisch-Demeter-Fleisch-Gewuerze.jpg"},{"@type":"BreadcrumbList","@id":"https:\/\/linden-gut.eu\/de\/biofleisch-aus-hessen\/#breadcrumb","itemListElement":[{"@type":"ListItem","position":1,"name":"Startseite","item":"https:\/\/linden-gut.eu\/de\/"},{"@type":"ListItem","position":2,"name":"Biofleisch aus Hessen"}]},{"@type":"WebSite","@id":"https:\/\/linden-gut.eu\/de\/#website","url":"https:\/\/linden-gut.eu\/de\/","name":"LindenGut","description":"Nachhaltiger Genuss und Komfort \u2013 Bio-Qualit\u00e4t in Hotel, Herberge, Hofladen und mehr.","publisher":{"@id":"https:\/\/linden-gut.eu\/de\/#organization"},"potentialAction":[{"@type":"SearchAction","target":{"@type":"EntryPoint","urlTemplate":"https:\/\/linden-gut.eu\/de\/?s={search_term_string}"},"query-input":{"@type":"PropertyValueSpecification","valueRequired":true,"valueName":"search_term_string"}}],"inLanguage":"de"},{"@type":"Organization","@id":"https:\/\/linden-gut.eu\/de\/#organization","name":"LindenGut GmbH & Co. KG","url":"https:\/\/linden-gut.eu\/de\/","logo":{"@type":"ImageObject","inLanguage":"de","@id":"https:\/\/linden-gut.eu\/de\/#\/schema\/logo\/image\/","url":"https:\/\/linden-gut.eu\/wp-content\/uploads\/2021\/04\/Biohotel-Lindengut-Favicon.png","contentUrl":"https:\/\/linden-gut.eu\/wp-content\/uploads\/2021\/04\/Biohotel-Lindengut-Favicon.png","width":712,"height":712,"caption":"LindenGut GmbH & Co. KG"},"image":{"@id":"https:\/\/linden-gut.eu\/de\/#\/schema\/logo\/image\/"},"sameAs":["https:\/\/www.facebook.com\/LindenGutDipperz","https:\/\/www.instagram.com\/lindengut_biohotel\/","http:\/\/www.youtube.com\/@lindengutwegweiser2448"]}]}},"_links":{"self":[{"href":"https:\/\/linden-gut.eu\/de\/wp-json\/wp\/v2\/pages\/73","targetHints":{"allow":["GET"]}}],"collection":[{"href":"https:\/\/linden-gut.eu\/de\/wp-json\/wp\/v2\/pages"}],"about":[{"href":"https:\/\/linden-gut.eu\/de\/wp-json\/wp\/v2\/types\/page"}],"author":[{"embeddable":true,"href":"https:\/\/linden-gut.eu\/de\/wp-json\/wp\/v2\/users\/2"}],"replies":[{"embeddable":true,"href":"https:\/\/linden-gut.eu\/de\/wp-json\/wp\/v2\/comments?post=73"}],"version-history":[{"count":3,"href":"https:\/\/linden-gut.eu\/de\/wp-json\/wp\/v2\/pages\/73\/revisions"}],"predecessor-version":[{"id":11174,"href":"https:\/\/linden-gut.eu\/de\/wp-json\/wp\/v2\/pages\/73\/revisions\/11174"}],"wp:attachment":[{"href":"https:\/\/linden-gut.eu\/de\/wp-json\/wp\/v2\/media?parent=73"}],"curies":[{"name":"wp","href":"https:\/\/api.w.org\/{rel}","templated":true}]}}