{"id":10720,"date":"2026-01-17T12:09:55","date_gmt":"2026-01-17T12:09:55","guid":{"rendered":"https:\/\/b36oyymf.myrdbx.io\/?page_id=10720"},"modified":"2026-01-22T07:45:29","modified_gmt":"2026-01-22T07:45:29","slug":"valentinstag-im-lindengut","status":"publish","type":"page","link":"https:\/\/linden-gut.eu\/de\/valentinstag-im-lindengut\/","title":{"rendered":"Valentinstag im LindenGut"},"content":{"rendered":"\t\t<div data-elementor-type=\"wp-page\" data-elementor-id=\"10720\" class=\"elementor elementor-10720\" data-elementor-post-type=\"page\">\n\t\t\t\t\t\t<section class=\"elementor-section elementor-top-section elementor-element elementor-element-336f6d1 elementor-section-boxed elementor-section-height-default elementor-section-height-default\" data-id=\"336f6d1\" data-element_type=\"section\" data-e-type=\"section\">\n\t\t\t\t\t\t<div class=\"elementor-container elementor-column-gap-default\">\n\t\t\t\t\t<div class=\"elementor-column elementor-col-100 elementor-top-column elementor-element elementor-element-ba2d896\" data-id=\"ba2d896\" data-element_type=\"column\" data-e-type=\"column\">\n\t\t\t<div class=\"elementor-widget-wrap elementor-element-populated\">\n\t\t\t\t\t\t<div class=\"elementor-element elementor-element-57c008e elementor-widget elementor-widget-heading\" data-id=\"57c008e\" data-element_type=\"widget\" data-e-type=\"widget\" data-widget_type=\"heading.default\">\n\t\t\t\t<div class=\"elementor-widget-container\">\n\t\t\t\t\t<h1 class=\"elementor-heading-title elementor-size-default\">Valentinstag im LindenGut bei Fulda<\/h1>\t\t\t\t<\/div>\n\t\t\t\t<\/div>\n\t\t\t\t\t<\/div>\n\t\t<\/div>\n\t\t\t\t\t<\/div>\n\t\t<\/section>\n\t\t\t\t<section class=\"elementor-section elementor-top-section elementor-element elementor-element-78038de elementor-section-boxed elementor-section-height-default elementor-section-height-default\" data-id=\"78038de\" data-element_type=\"section\" data-e-type=\"section\">\n\t\t\t\t\t\t<div class=\"elementor-container elementor-column-gap-default\">\n\t\t\t\t\t<div class=\"elementor-column elementor-col-100 elementor-top-column elementor-element elementor-element-fe98ea8\" data-id=\"fe98ea8\" data-element_type=\"column\" data-e-type=\"column\">\n\t\t\t<div class=\"elementor-widget-wrap elementor-element-populated\">\n\t\t\t\t\t\t<div class=\"elementor-element elementor-element-63aa376 elementor-widget elementor-widget-heading\" data-id=\"63aa376\" data-element_type=\"widget\" data-e-type=\"widget\" data-widget_type=\"heading.default\">\n\t\t\t\t<div class=\"elementor-widget-container\">\n\t\t\t\t\t<h2 class=\"elementor-heading-title elementor-size-default\">Candle-Light-Dinner &amp; Valentinstagsfr\u00fchst\u00fcck in Bio-Qualit\u00e4t<\/h2>\t\t\t\t<\/div>\n\t\t\t\t<\/div>\n\t\t\t\t\t<\/div>\n\t\t<\/div>\n\t\t\t\t\t<\/div>\n\t\t<\/section>\n\t\t\t\t<section class=\"elementor-section elementor-top-section elementor-element elementor-element-3db1144 elementor-section-boxed elementor-section-height-default elementor-section-height-default\" data-id=\"3db1144\" data-element_type=\"section\" data-e-type=\"section\">\n\t\t\t\t\t\t<div class=\"elementor-container elementor-column-gap-default\">\n\t\t\t\t\t<div class=\"elementor-column elementor-col-100 elementor-top-column elementor-element elementor-element-ef647bd\" data-id=\"ef647bd\" data-element_type=\"column\" data-e-type=\"column\">\n\t\t\t<div class=\"elementor-widget-wrap elementor-element-populated\">\n\t\t\t\t\t\t<div class=\"elementor-element elementor-element-941dc6f elementor-widget elementor-widget-text-editor\" data-id=\"941dc6f\" data-element_type=\"widget\" data-e-type=\"widget\" data-widget_type=\"text-editor.default\">\n\t\t\t\t<div class=\"elementor-widget-container\">\n\t\t\t\t\t\t\t\t\t<p>Verbringe den Valentinstag 2026 an einem besonderen Ort: im <strong data-start=\"436\" data-end=\"459\">LindenGut bei Fulda<\/strong>. Umgeben von Natur, in ruhiger Atmosph\u00e4re und mit viel Liebe zum Detail laden wir Dich zu genussvollen Momenten f\u00fcr zwei ein.<\/p>\t\t\t\t\t\t\t\t<\/div>\n\t\t\t\t<\/div>\n\t\t\t\t\t<\/div>\n\t\t<\/div>\n\t\t\t\t\t<\/div>\n\t\t<\/section>\n\t\t\t\t<section class=\"elementor-section elementor-top-section elementor-element elementor-element-e12c1f8 elementor-section-boxed elementor-section-height-default elementor-section-height-default\" data-id=\"e12c1f8\" data-element_type=\"section\" data-e-type=\"section\">\n\t\t\t\t\t\t<div class=\"elementor-container elementor-column-gap-default\">\n\t\t\t\t\t<div class=\"elementor-column elementor-col-50 elementor-top-column elementor-element elementor-element-d58fa2d\" data-id=\"d58fa2d\" data-element_type=\"column\" data-e-type=\"column\">\n\t\t\t<div class=\"elementor-widget-wrap elementor-element-populated\">\n\t\t\t\t\t\t<div class=\"elementor-element elementor-element-8793b46 elementor-widget elementor-widget-heading\" data-id=\"8793b46\" data-element_type=\"widget\" data-e-type=\"widget\" data-widget_type=\"heading.default\">\n\t\t\t\t<div class=\"elementor-widget-container\">\n\t\t\t\t\t<h3 class=\"elementor-heading-title elementor-size-default\">Candle-Light-Dinner am 13. &amp; 14. Februar 2026<\/h3>\t\t\t\t<\/div>\n\t\t\t\t<\/div>\n\t\t\t\t<div class=\"elementor-element elementor-element-b81e808 elementor-widget elementor-widget-text-editor\" data-id=\"b81e808\" data-element_type=\"widget\" data-e-type=\"widget\" data-widget_type=\"text-editor.default\">\n\t\t\t\t<div class=\"elementor-widget-container\">\n\t\t\t\t\t\t\t\t\t<p data-start=\"639\" data-end=\"672\"><strong data-start=\"639\" data-end=\"672\">jeweils von 18:00 \u2013 20:00 Uhr<\/strong><\/p><p data-start=\"674\" data-end=\"929\">Unser Gasthaus verwandelt sich an diesen Abenden in einen Ort f\u00fcr Zweisamkeit und feinen Genuss. <strong data-start=\"771\" data-end=\"828\">Kerzenlicht, wei\u00df eingedeckte Tische, Stoffservietten<\/strong> und eine ruhige, warme Atmosph\u00e4re schaffen den passenden Rahmen f\u00fcr einen besonderen Valentinsabend.<\/p><p data-start=\"931\" data-end=\"980\">Das <strong data-start=\"935\" data-end=\"952\">Valentinsmen\u00fc<\/strong> bietet Dir eine Auswahl an:<\/p><ul data-start=\"981\" data-end=\"1145\"><li data-start=\"981\" data-end=\"1035\"><p data-start=\"983\" data-end=\"1035\">klassischen Gerichten mit hochwertigem Bio-Fleisch<\/p><\/li><li data-start=\"1036\" data-end=\"1078\"><p data-start=\"1038\" data-end=\"1078\">vegetarischen und veganen Alternativen<\/p><\/li><li data-start=\"1079\" data-end=\"1145\"><p data-start=\"1081\" data-end=\"1145\">fein abgestimmten Vorspeisen, Suppen, Hauptg\u00e4ngen und Desserts<\/p><\/li><\/ul><p data-start=\"1147\" data-end=\"1382\">Alle Speisen werden aus besten Bio-Zutaten zubereitet, viele davon aus eigener Landwirtschaft oder regionaler Herkunft. Optional kannst Du Dein Men\u00fc mit einer <strong data-start=\"1306\" data-end=\"1372\">passenden Weinbegleitung oder alkoholfreien Getr\u00e4nkebegleitung<\/strong> abrunden.<\/p><h4 data-start=\"1717\" data-end=\"1745\">Reservierung &amp; Kontakt<\/h4><p data-start=\"1746\" data-end=\"1816\">F\u00fcr alle Valentinstagsangebote ist eine <strong data-start=\"1786\" data-end=\"1815\">Reservierung erforderlich<\/strong>.<\/p><p data-start=\"1818\" data-end=\"1923\">\ud83d\udcde <strong data-start=\"1821\" data-end=\"1857\">Reservierung unter: 06657 \/ 9810<\/strong><\/p>\t\t\t\t\t\t\t\t<\/div>\n\t\t\t\t<\/div>\n\t\t\t\t\t<\/div>\n\t\t<\/div>\n\t\t\t\t<div class=\"elementor-column elementor-col-50 elementor-top-column elementor-element elementor-element-772c14c\" data-id=\"772c14c\" data-element_type=\"column\" data-e-type=\"column\">\n\t\t\t<div class=\"elementor-widget-wrap elementor-element-populated\">\n\t\t\t\t\t\t<div class=\"elementor-element elementor-element-9ad5476 elementor-widget elementor-widget-heading\" data-id=\"9ad5476\" data-element_type=\"widget\" data-e-type=\"widget\" data-widget_type=\"heading.default\">\n\t\t\t\t<div class=\"elementor-widget-container\">\n\t\t\t\t\t<h3 class=\"elementor-heading-title elementor-size-default\">Valentinstagsfr\u00fchst\u00fccksbuffet am 14. Februar 2026<\/h3>\t\t\t\t<\/div>\n\t\t\t\t<\/div>\n\t\t\t\t<div class=\"elementor-element elementor-element-06adada elementor-widget elementor-widget-text-editor\" data-id=\"06adada\" data-element_type=\"widget\" data-e-type=\"widget\" data-widget_type=\"text-editor.default\">\n\t\t\t\t<div class=\"elementor-widget-container\">\n\t\t\t\t\t\t\t\t\t<p data-start=\"1433\" data-end=\"1457\"><strong data-start=\"1433\" data-end=\"1457\">von 8:00 \u2013 11:00 Uhr<\/strong><\/p><p data-start=\"1433\" data-end=\"1457\">Starte den Valentinstag entspannt mit unserem <strong data-start=\"1505\" data-end=\"1539\">Valentinstags-Fr\u00fchst\u00fccksbuffet<\/strong>. Dich erwartet eine gro\u00dfe Auswahl an Bio-Fr\u00fchst\u00fccksspezialit\u00e4ten, hausgemachten Produkten und liebevoll angerichteten Speisen \u2013 perfekt f\u00fcr einen genussvollen Morgen zu zweit.<\/p><p data-start=\"1459\" data-end=\"1715\"><a href=\"https:\/\/linden-gut.eu\/erlebnisse-veranstaltung-gutscheine\/#\/erlebnisse\/BAY\/ace63b60-9668-4bcf-936c-7f450b52735a\/valentinstags-fruehstuecksbuffet-auf-dem-lindengut\" target=\"_blank\" rel=\"noopener\">Buche Deinen Platz online<\/a> oder reserviere telefonisch unter: Tel. 06657\/9810<\/p>\t\t\t\t\t\t\t\t<\/div>\n\t\t\t\t<\/div>\n\t\t\t\t<div class=\"elementor-element elementor-element-b6ecf52 elementor-widget elementor-widget-image\" data-id=\"b6ecf52\" data-element_type=\"widget\" data-e-type=\"widget\" data-widget_type=\"image.default\">\n\t\t\t\t<div class=\"elementor-widget-container\">\n\t\t\t\t\t\t\t\t\t\t\t\t\t\t\t<img fetchpriority=\"high\" decoding=\"async\" width=\"768\" height=\"576\" src=\"https:\/\/linden-gut.eu\/wp-content\/uploads\/2026\/01\/Valentinstag-768x576.webp\" class=\"attachment-medium_large size-medium_large wp-image-10725\" alt=\"Liebevoll gestalteter Tisch mit einem wei\u00dfen, eckigen Teller auf dem Besteck liegt.. Auf der Gabel befinden sich zwei rote Herzen. Es sind Teelichter in roter Halterung und rote Rosen zu sehen.\" srcset=\"https:\/\/linden-gut.eu\/wp-content\/uploads\/2026\/01\/Valentinstag-768x576.webp 768w, https:\/\/linden-gut.eu\/wp-content\/uploads\/2026\/01\/Valentinstag-300x225.webp 300w, https:\/\/linden-gut.eu\/wp-content\/uploads\/2026\/01\/Valentinstag-1024x768.webp 1024w, https:\/\/linden-gut.eu\/wp-content\/uploads\/2026\/01\/Valentinstag-1536x1152.webp 1536w, https:\/\/linden-gut.eu\/wp-content\/uploads\/2026\/01\/Valentinstag.webp 1920w\" sizes=\"(max-width: 768px) 100vw, 768px\" \/>\t\t\t\t\t\t\t\t\t\t\t\t\t\t\t<\/div>\n\t\t\t\t<\/div>\n\t\t\t\t\t<\/div>\n\t\t<\/div>\n\t\t\t\t\t<\/div>\n\t\t<\/section>\n\t\t\t\t<section class=\"elementor-section elementor-top-section elementor-element elementor-element-83420e7 elementor-section-boxed elementor-section-height-default elementor-section-height-default\" data-id=\"83420e7\" data-element_type=\"section\" data-e-type=\"section\">\n\t\t\t\t\t\t<div class=\"elementor-container elementor-column-gap-default\">\n\t\t\t\t\t<div class=\"elementor-column elementor-col-50 elementor-top-column elementor-element elementor-element-59ee323\" data-id=\"59ee323\" data-element_type=\"column\" data-e-type=\"column\">\n\t\t\t<div class=\"elementor-widget-wrap elementor-element-populated\">\n\t\t\t\t\t\t<div class=\"elementor-element elementor-element-999f474 elementor-widget elementor-widget-image\" data-id=\"999f474\" data-element_type=\"widget\" data-e-type=\"widget\" data-widget_type=\"image.default\">\n\t\t\t\t<div class=\"elementor-widget-container\">\n\t\t\t\t\t\t\t\t\t\t\t\t\t\t\t<img decoding=\"async\" width=\"707\" height=\"1000\" src=\"https:\/\/linden-gut.eu\/wp-content\/uploads\/2026\/01\/Valentinstagsmenu-4-Gang.webp\" class=\"attachment-large size-large wp-image-10740\" alt=\"Valentinstags-4-Gang-Men\u00fc mit Vorspeise, Suppe, Hauptgang und Dessert. Wahlweise klassisch mit Fleisch oder vegetarisch. Reservierung unter Tel. 06657\/9810\" srcset=\"https:\/\/linden-gut.eu\/wp-content\/uploads\/2026\/01\/Valentinstagsmenu-4-Gang.webp 707w, https:\/\/linden-gut.eu\/wp-content\/uploads\/2026\/01\/Valentinstagsmenu-4-Gang-212x300.webp 212w\" sizes=\"(max-width: 707px) 100vw, 707px\" \/>\t\t\t\t\t\t\t\t\t\t\t\t\t\t\t<\/div>\n\t\t\t\t<\/div>\n\t\t\t\t\t<\/div>\n\t\t<\/div>\n\t\t\t\t<div class=\"elementor-column elementor-col-50 elementor-top-column elementor-element elementor-element-385ddf8\" data-id=\"385ddf8\" data-element_type=\"column\" data-e-type=\"column\">\n\t\t\t<div class=\"elementor-widget-wrap elementor-element-populated\">\n\t\t\t\t\t\t<div class=\"elementor-element elementor-element-282295e elementor-widget elementor-widget-image\" data-id=\"282295e\" data-element_type=\"widget\" data-e-type=\"widget\" data-widget_type=\"image.default\">\n\t\t\t\t<div class=\"elementor-widget-container\">\n\t\t\t\t\t\t\t\t\t\t\t\t\t\t\t<img decoding=\"async\" width=\"707\" height=\"1000\" src=\"https:\/\/linden-gut.eu\/wp-content\/uploads\/2026\/01\/Valentinstags-3-Gang-Menue-2026.jpg\" class=\"attachment-large size-large wp-image-10746\" alt=\"Valentinstags-3-Gang-Men\u00fc mit Vorspeise, Suppe, Hauptgang und Dessert. Wahlweise klassisch mit Fleisch oder vegetarisch. Reservierung unter Tel. 06657\/9810\" srcset=\"https:\/\/linden-gut.eu\/wp-content\/uploads\/2026\/01\/Valentinstags-3-Gang-Menue-2026.jpg 707w, https:\/\/linden-gut.eu\/wp-content\/uploads\/2026\/01\/Valentinstags-3-Gang-Menue-2026-212x300.jpg 212w\" sizes=\"(max-width: 707px) 100vw, 707px\" \/>\t\t\t\t\t\t\t\t\t\t\t\t\t\t\t<\/div>\n\t\t\t\t<\/div>\n\t\t\t\t\t<\/div>\n\t\t<\/div>\n\t\t\t\t\t<\/div>\n\t\t<\/section>\n\t\t\t\t<\/div>\n\t\t","protected":false},"excerpt":{"rendered":"<p>Valentinstag im LindenGut bei Fulda Candle-Light-Dinner &amp; Valentinstagsfr\u00fchst\u00fcck in Bio-Qualit\u00e4t Verbringe den Valentinstag 2026 an einem besonderen Ort: im LindenGut bei Fulda. Umgeben von Natur, in ruhiger Atmosph\u00e4re und mit viel Liebe zum Detail laden wir Dich zu genussvollen Momenten f\u00fcr zwei ein. Candle-Light-Dinner am 13. &amp; 14. Februar 2026 jeweils von 18:00 \u2013 20:00 [&hellip;]<\/p>\n","protected":false},"author":1,"featured_media":0,"parent":0,"menu_order":0,"comment_status":"closed","ping_status":"closed","template":"","meta":{"site-sidebar-layout":"no-sidebar","site-content-layout":"page-builder","ast-site-content-layout":"full-width-container","site-content-style":"default","site-sidebar-style":"default","ast-global-header-display":"","ast-banner-title-visibility":"","ast-main-header-display":"","ast-hfb-above-header-display":"","ast-hfb-below-header-display":"","ast-hfb-mobile-header-display":"","site-post-title":"disabled","ast-breadcrumbs-content":"","ast-featured-img":"disabled","footer-sml-layout":"","ast-disable-related-posts":"","theme-transparent-header-meta":"","adv-header-id-meta":"","stick-header-meta":"","header-above-stick-meta":"","header-main-stick-meta":"","header-below-stick-meta":"","astra-migrate-meta-layouts":"set","ast-page-background-enabled":"default","ast-page-background-meta":{"desktop":{"background-color":"","background-image":"","background-repeat":"repeat","background-position":"center center","background-size":"auto","background-attachment":"scroll","background-type":"","background-media":"","overlay-type":"","overlay-color":"","overlay-opacity":"","overlay-gradient":""},"tablet":{"background-color":"","background-image":"","background-repeat":"repeat","background-position":"center center","background-size":"auto","background-attachment":"scroll","background-type":"","background-media":"","overlay-type":"","overlay-color":"","overlay-opacity":"","overlay-gradient":""},"mobile":{"background-color":"","background-image":"","background-repeat":"repeat","background-position":"center center","background-size":"auto","background-attachment":"scroll","background-type":"","background-media":"","overlay-type":"","overlay-color":"","overlay-opacity":"","overlay-gradient":""}},"ast-content-background-meta":{"desktop":{"background-color":"var(--ast-global-color-5)","background-image":"","background-repeat":"repeat","background-position":"center center","background-size":"auto","background-attachment":"scroll","background-type":"","background-media":"","overlay-type":"","overlay-color":"","overlay-opacity":"","overlay-gradient":""},"tablet":{"background-color":"var(--ast-global-color-5)","background-image":"","background-repeat":"repeat","background-position":"center center","background-size":"auto","background-attachment":"scroll","background-type":"","background-media":"","overlay-type":"","overlay-color":"","overlay-opacity":"","overlay-gradient":""},"mobile":{"background-color":"var(--ast-global-color-5)","background-image":"","background-repeat":"repeat","background-position":"center center","background-size":"auto","background-attachment":"scroll","background-type":"","background-media":"","overlay-type":"","overlay-color":"","overlay-opacity":"","overlay-gradient":""}},"footnotes":""},"class_list":["post-10720","page","type-page","status-publish","hentry"],"yoast_head":"<!-- This site is optimized with the Yoast SEO plugin v27.6 - https:\/\/yoast.com\/product\/yoast-seo-wordpress\/ -->\n<title>Valentinstag im LindenGut |<\/title>\n<meta name=\"robots\" content=\"index, follow, max-snippet:-1, max-image-preview:large, max-video-preview:-1\" \/>\n<link rel=\"canonical\" href=\"https:\/\/linden-gut.eu\/de\/valentinstag-im-lindengut\/\" \/>\n<meta property=\"og:locale\" content=\"de_DE\" \/>\n<meta property=\"og:type\" content=\"article\" \/>\n<meta property=\"og:title\" content=\"Valentinstag im LindenGut |\" \/>\n<meta property=\"og:description\" content=\"Valentinstag im LindenGut bei Fulda Candle-Light-Dinner &amp; Valentinstagsfr\u00fchst\u00fcck in Bio-Qualit\u00e4t Verbringe den Valentinstag 2026 an einem besonderen Ort: im LindenGut bei Fulda. Umgeben von Natur, in ruhiger Atmosph\u00e4re und mit viel Liebe zum Detail laden wir Dich zu genussvollen Momenten f\u00fcr zwei ein. Candle-Light-Dinner am 13. &amp; 14. Februar 2026 jeweils von 18:00 \u2013 20:00 [&hellip;]\" \/>\n<meta property=\"og:url\" content=\"https:\/\/linden-gut.eu\/de\/valentinstag-im-lindengut\/\" \/>\n<meta property=\"article:publisher\" content=\"https:\/\/www.facebook.com\/LindenGutDipperz\" \/>\n<meta property=\"article:modified_time\" content=\"2026-01-22T07:45:29+00:00\" \/>\n<meta property=\"og:image\" content=\"https:\/\/linden-gut.eu\/wp-content\/uploads\/2026\/01\/Valentinstag-768x576.webp\" \/>\n<meta name=\"twitter:card\" content=\"summary_large_image\" \/>\n<meta name=\"twitter:label1\" content=\"Gesch\u00e4tzte Lesezeit\" \/>\n\t<meta name=\"twitter:data1\" content=\"2\u00a0Minuten\" \/>\n<script type=\"application\/ld+json\" class=\"yoast-schema-graph\">{\"@context\":\"https:\\\/\\\/schema.org\",\"@graph\":[{\"@type\":\"WebPage\",\"@id\":\"https:\\\/\\\/linden-gut.eu\\\/de\\\/valentinstag-im-lindengut\\\/\",\"url\":\"https:\\\/\\\/linden-gut.eu\\\/de\\\/valentinstag-im-lindengut\\\/\",\"name\":\"Valentinstag im LindenGut |\",\"isPartOf\":{\"@id\":\"https:\\\/\\\/linden-gut.eu\\\/de\\\/#website\"},\"primaryImageOfPage\":{\"@id\":\"https:\\\/\\\/linden-gut.eu\\\/de\\\/valentinstag-im-lindengut\\\/#primaryimage\"},\"image\":{\"@id\":\"https:\\\/\\\/linden-gut.eu\\\/de\\\/valentinstag-im-lindengut\\\/#primaryimage\"},\"thumbnailUrl\":\"https:\\\/\\\/linden-gut.eu\\\/wp-content\\\/uploads\\\/2026\\\/01\\\/Valentinstag-768x576.webp\",\"datePublished\":\"2026-01-17T12:09:55+00:00\",\"dateModified\":\"2026-01-22T07:45:29+00:00\",\"breadcrumb\":{\"@id\":\"https:\\\/\\\/linden-gut.eu\\\/de\\\/valentinstag-im-lindengut\\\/#breadcrumb\"},\"inLanguage\":\"de\",\"potentialAction\":[{\"@type\":\"ReadAction\",\"target\":[\"https:\\\/\\\/linden-gut.eu\\\/de\\\/valentinstag-im-lindengut\\\/\"]}]},{\"@type\":\"ImageObject\",\"inLanguage\":\"de\",\"@id\":\"https:\\\/\\\/linden-gut.eu\\\/de\\\/valentinstag-im-lindengut\\\/#primaryimage\",\"url\":\"https:\\\/\\\/linden-gut.eu\\\/wp-content\\\/uploads\\\/2026\\\/01\\\/Valentinstag-768x576.webp\",\"contentUrl\":\"https:\\\/\\\/linden-gut.eu\\\/wp-content\\\/uploads\\\/2026\\\/01\\\/Valentinstag-768x576.webp\"},{\"@type\":\"BreadcrumbList\",\"@id\":\"https:\\\/\\\/linden-gut.eu\\\/de\\\/valentinstag-im-lindengut\\\/#breadcrumb\",\"itemListElement\":[{\"@type\":\"ListItem\",\"position\":1,\"name\":\"Startseite\",\"item\":\"https:\\\/\\\/linden-gut.eu\\\/de\\\/\"},{\"@type\":\"ListItem\",\"position\":2,\"name\":\"Valentinstag im LindenGut\"}]},{\"@type\":\"WebSite\",\"@id\":\"https:\\\/\\\/linden-gut.eu\\\/de\\\/#website\",\"url\":\"https:\\\/\\\/linden-gut.eu\\\/de\\\/\",\"name\":\"LindenGut\",\"description\":\"Nachhaltiger Genuss und Komfort \u2013 Bio-Qualit\u00e4t in Hotel, Herberge, Hofladen und mehr.\",\"publisher\":{\"@id\":\"https:\\\/\\\/linden-gut.eu\\\/de\\\/#organization\"},\"potentialAction\":[{\"@type\":\"SearchAction\",\"target\":{\"@type\":\"EntryPoint\",\"urlTemplate\":\"https:\\\/\\\/linden-gut.eu\\\/de\\\/?s={search_term_string}\"},\"query-input\":{\"@type\":\"PropertyValueSpecification\",\"valueRequired\":true,\"valueName\":\"search_term_string\"}}],\"inLanguage\":\"de\"},{\"@type\":\"Organization\",\"@id\":\"https:\\\/\\\/linden-gut.eu\\\/de\\\/#organization\",\"name\":\"LindenGut GmbH & Co. KG\",\"url\":\"https:\\\/\\\/linden-gut.eu\\\/de\\\/\",\"logo\":{\"@type\":\"ImageObject\",\"inLanguage\":\"de\",\"@id\":\"https:\\\/\\\/linden-gut.eu\\\/de\\\/#\\\/schema\\\/logo\\\/image\\\/\",\"url\":\"https:\\\/\\\/linden-gut.eu\\\/wp-content\\\/uploads\\\/2021\\\/04\\\/Biohotel-Lindengut-Favicon.png\",\"contentUrl\":\"https:\\\/\\\/linden-gut.eu\\\/wp-content\\\/uploads\\\/2021\\\/04\\\/Biohotel-Lindengut-Favicon.png\",\"width\":712,\"height\":712,\"caption\":\"LindenGut GmbH & Co. KG\"},\"image\":{\"@id\":\"https:\\\/\\\/linden-gut.eu\\\/de\\\/#\\\/schema\\\/logo\\\/image\\\/\"},\"sameAs\":[\"https:\\\/\\\/www.facebook.com\\\/LindenGutDipperz\",\"https:\\\/\\\/www.instagram.com\\\/lindengut_biohotel\\\/\",\"http:\\\/\\\/www.youtube.com\\\/@lindengutwegweiser2448\"]}]}<\/script>\n<!-- \/ Yoast SEO plugin. -->","yoast_head_json":{"title":"Valentinstag im LindenGut |","robots":{"index":"index","follow":"follow","max-snippet":"max-snippet:-1","max-image-preview":"max-image-preview:large","max-video-preview":"max-video-preview:-1"},"canonical":"https:\/\/linden-gut.eu\/de\/valentinstag-im-lindengut\/","og_locale":"de_DE","og_type":"article","og_title":"Valentinstag im LindenGut |","og_description":"Valentinstag im LindenGut bei Fulda Candle-Light-Dinner &amp; Valentinstagsfr\u00fchst\u00fcck in Bio-Qualit\u00e4t Verbringe den Valentinstag 2026 an einem besonderen Ort: im LindenGut bei Fulda. Umgeben von Natur, in ruhiger Atmosph\u00e4re und mit viel Liebe zum Detail laden wir Dich zu genussvollen Momenten f\u00fcr zwei ein. Candle-Light-Dinner am 13. &amp; 14. Februar 2026 jeweils von 18:00 \u2013 20:00 [&hellip;]","og_url":"https:\/\/linden-gut.eu\/de\/valentinstag-im-lindengut\/","article_publisher":"https:\/\/www.facebook.com\/LindenGutDipperz","article_modified_time":"2026-01-22T07:45:29+00:00","og_image":[{"url":"https:\/\/linden-gut.eu\/wp-content\/uploads\/2026\/01\/Valentinstag-768x576.webp","type":"","width":"","height":""}],"twitter_card":"summary_large_image","twitter_misc":{"Gesch\u00e4tzte Lesezeit":"2\u00a0Minuten"},"schema":{"@context":"https:\/\/schema.org","@graph":[{"@type":"WebPage","@id":"https:\/\/linden-gut.eu\/de\/valentinstag-im-lindengut\/","url":"https:\/\/linden-gut.eu\/de\/valentinstag-im-lindengut\/","name":"Valentinstag im LindenGut |","isPartOf":{"@id":"https:\/\/linden-gut.eu\/de\/#website"},"primaryImageOfPage":{"@id":"https:\/\/linden-gut.eu\/de\/valentinstag-im-lindengut\/#primaryimage"},"image":{"@id":"https:\/\/linden-gut.eu\/de\/valentinstag-im-lindengut\/#primaryimage"},"thumbnailUrl":"https:\/\/linden-gut.eu\/wp-content\/uploads\/2026\/01\/Valentinstag-768x576.webp","datePublished":"2026-01-17T12:09:55+00:00","dateModified":"2026-01-22T07:45:29+00:00","breadcrumb":{"@id":"https:\/\/linden-gut.eu\/de\/valentinstag-im-lindengut\/#breadcrumb"},"inLanguage":"de","potentialAction":[{"@type":"ReadAction","target":["https:\/\/linden-gut.eu\/de\/valentinstag-im-lindengut\/"]}]},{"@type":"ImageObject","inLanguage":"de","@id":"https:\/\/linden-gut.eu\/de\/valentinstag-im-lindengut\/#primaryimage","url":"https:\/\/linden-gut.eu\/wp-content\/uploads\/2026\/01\/Valentinstag-768x576.webp","contentUrl":"https:\/\/linden-gut.eu\/wp-content\/uploads\/2026\/01\/Valentinstag-768x576.webp"},{"@type":"BreadcrumbList","@id":"https:\/\/linden-gut.eu\/de\/valentinstag-im-lindengut\/#breadcrumb","itemListElement":[{"@type":"ListItem","position":1,"name":"Startseite","item":"https:\/\/linden-gut.eu\/de\/"},{"@type":"ListItem","position":2,"name":"Valentinstag im LindenGut"}]},{"@type":"WebSite","@id":"https:\/\/linden-gut.eu\/de\/#website","url":"https:\/\/linden-gut.eu\/de\/","name":"LindenGut","description":"Nachhaltiger Genuss und Komfort \u2013 Bio-Qualit\u00e4t in Hotel, Herberge, Hofladen und mehr.","publisher":{"@id":"https:\/\/linden-gut.eu\/de\/#organization"},"potentialAction":[{"@type":"SearchAction","target":{"@type":"EntryPoint","urlTemplate":"https:\/\/linden-gut.eu\/de\/?s={search_term_string}"},"query-input":{"@type":"PropertyValueSpecification","valueRequired":true,"valueName":"search_term_string"}}],"inLanguage":"de"},{"@type":"Organization","@id":"https:\/\/linden-gut.eu\/de\/#organization","name":"LindenGut GmbH & Co. KG","url":"https:\/\/linden-gut.eu\/de\/","logo":{"@type":"ImageObject","inLanguage":"de","@id":"https:\/\/linden-gut.eu\/de\/#\/schema\/logo\/image\/","url":"https:\/\/linden-gut.eu\/wp-content\/uploads\/2021\/04\/Biohotel-Lindengut-Favicon.png","contentUrl":"https:\/\/linden-gut.eu\/wp-content\/uploads\/2021\/04\/Biohotel-Lindengut-Favicon.png","width":712,"height":712,"caption":"LindenGut GmbH & Co. KG"},"image":{"@id":"https:\/\/linden-gut.eu\/de\/#\/schema\/logo\/image\/"},"sameAs":["https:\/\/www.facebook.com\/LindenGutDipperz","https:\/\/www.instagram.com\/lindengut_biohotel\/","http:\/\/www.youtube.com\/@lindengutwegweiser2448"]}]}},"_links":{"self":[{"href":"https:\/\/linden-gut.eu\/de\/wp-json\/wp\/v2\/pages\/10720","targetHints":{"allow":["GET"]}}],"collection":[{"href":"https:\/\/linden-gut.eu\/de\/wp-json\/wp\/v2\/pages"}],"about":[{"href":"https:\/\/linden-gut.eu\/de\/wp-json\/wp\/v2\/types\/page"}],"author":[{"embeddable":true,"href":"https:\/\/linden-gut.eu\/de\/wp-json\/wp\/v2\/users\/1"}],"replies":[{"embeddable":true,"href":"https:\/\/linden-gut.eu\/de\/wp-json\/wp\/v2\/comments?post=10720"}],"version-history":[{"count":3,"href":"https:\/\/linden-gut.eu\/de\/wp-json\/wp\/v2\/pages\/10720\/revisions"}],"predecessor-version":[{"id":10772,"href":"https:\/\/linden-gut.eu\/de\/wp-json\/wp\/v2\/pages\/10720\/revisions\/10772"}],"wp:attachment":[{"href":"https:\/\/linden-gut.eu\/de\/wp-json\/wp\/v2\/media?parent=10720"}],"curies":[{"name":"wp","href":"https:\/\/api.w.org\/{rel}","templated":true}]}}