{"id":10663,"date":"2026-01-09T10:53:36","date_gmt":"2026-01-09T10:53:36","guid":{"rendered":"https:\/\/b36oyymf.myrdbx.io\/?page_id=10663"},"modified":"2026-03-05T08:42:11","modified_gmt":"2026-03-05T08:42:11","slug":"lindengut-heilpraxis","status":"publish","type":"page","link":"https:\/\/linden-gut.eu\/de\/lindengut-heilpraxis\/","title":{"rendered":"LindenGut Heilpraxis"},"content":{"rendered":"\t\t<div data-elementor-type=\"wp-page\" data-elementor-id=\"10663\" class=\"elementor elementor-10663\" data-elementor-post-type=\"page\">\n\t\t\t\t\t\t<section class=\"elementor-section elementor-top-section elementor-element elementor-element-661ae97 elementor-section-boxed elementor-section-height-default elementor-section-height-default\" data-id=\"661ae97\" data-element_type=\"section\" data-e-type=\"section\">\n\t\t\t\t\t\t<div class=\"elementor-container elementor-column-gap-default\">\n\t\t\t\t\t<div class=\"elementor-column elementor-col-100 elementor-top-column elementor-element elementor-element-a17933c\" data-id=\"a17933c\" data-element_type=\"column\" data-e-type=\"column\">\n\t\t\t<div class=\"elementor-widget-wrap elementor-element-populated\">\n\t\t\t\t\t\t<div class=\"elementor-element elementor-element-6d24a64 elementor-widget elementor-widget-heading\" data-id=\"6d24a64\" data-element_type=\"widget\" data-e-type=\"widget\" data-widget_type=\"heading.default\">\n\t\t\t\t<div class=\"elementor-widget-container\">\n\t\t\t\t\t<h2 class=\"elementor-heading-title elementor-size-default\">Christine Fu\u00df<\/h2>\t\t\t\t<\/div>\n\t\t\t\t<\/div>\n\t\t\t\t\t<\/div>\n\t\t<\/div>\n\t\t\t\t\t<\/div>\n\t\t<\/section>\n\t\t\t\t<section class=\"elementor-section elementor-top-section elementor-element elementor-element-50ce67a elementor-section-boxed elementor-section-height-default elementor-section-height-default\" data-id=\"50ce67a\" data-element_type=\"section\" data-e-type=\"section\">\n\t\t\t\t\t\t<div class=\"elementor-container elementor-column-gap-default\">\n\t\t\t\t\t<div class=\"elementor-column elementor-col-100 elementor-top-column elementor-element elementor-element-b3bfe11\" data-id=\"b3bfe11\" data-element_type=\"column\" data-e-type=\"column\">\n\t\t\t<div class=\"elementor-widget-wrap elementor-element-populated\">\n\t\t\t\t\t\t<div class=\"elementor-element elementor-element-99dfd06 elementor-widget elementor-widget-text-editor\" data-id=\"99dfd06\" data-element_type=\"widget\" data-e-type=\"widget\" data-widget_type=\"text-editor.default\">\n\t\t\t\t<div class=\"elementor-widget-container\">\n\t\t\t\t\t\t\t\t\t<h2>Behandlungsangebot:<\/h2>\t\t\t\t\t\t\t\t<\/div>\n\t\t\t\t<\/div>\n\t\t\t\t\t<\/div>\n\t\t<\/div>\n\t\t\t\t\t<\/div>\n\t\t<\/section>\n\t\t\t\t<section class=\"elementor-section elementor-top-section elementor-element elementor-element-5e76f65 elementor-section-boxed elementor-section-height-default elementor-section-height-default\" data-id=\"5e76f65\" data-element_type=\"section\" data-e-type=\"section\">\n\t\t\t\t\t\t<div class=\"elementor-container elementor-column-gap-default\">\n\t\t\t\t\t<div class=\"elementor-column elementor-col-50 elementor-top-column elementor-element elementor-element-dafbce7\" data-id=\"dafbce7\" data-element_type=\"column\" data-e-type=\"column\">\n\t\t\t<div class=\"elementor-widget-wrap elementor-element-populated\">\n\t\t\t\t\t\t<div class=\"elementor-element elementor-element-bea49f7 elementor-widget elementor-widget-text-editor\" data-id=\"bea49f7\" data-element_type=\"widget\" data-e-type=\"widget\" data-widget_type=\"text-editor.default\">\n\t\t\t\t<div class=\"elementor-widget-container\">\n\t\t\t\t\t\t\t\t\t<ul><li><span style=\"color: rgba(92,59,118,var(--o42jjq,1)); caret-color: #5c3b76; --ys-xuq: none; font-kerning: normal;\">Rhythmische Einreibungen nach Wegmann-Hauschka<\/span><\/li><li><span style=\"color: rgba(92,59,118,var(--o42jjq,1)); caret-color: #5c3b76; --ys-xuq: none; font-kerning: normal;\">Aromatherapie &#8211; auch zur Anwendung in der h\u00e4uslichen Pflege und zur Selbstpflege<\/span><\/li><li><span style=\"color: rgba(92,59,118,var(--o42jjq,1)); caret-color: #5c3b76; --ys-xuq: none; font-kerning: normal;\">Klangschalenmassage<\/span><\/li><li style=\"font-size: 15px;\"><span style=\"color: #5c3b76; caret-color: #5c3b76; --ys-xuq: none; font-kerning: normal;\">Fu\u00dfsreflexzonenmassage<\/span><\/li><li style=\"font-size: 15px;\"><span style=\"color: #5c3b76; caret-color: #5c3b76; --ys-xuq: none; font-kerning: normal;\">Dorn-Breuss-Behandlung<\/span><\/li><li style=\"font-size: 15px;\"><span style=\"color: #5c3b76; caret-color: #5c3b76; --ys-xuq: none; font-kerning: normal;\">Matrix-Rhythmus-Therapie<\/span><\/li><li style=\"font-size: 15px;\"><span style=\"color: #5c3b76; caret-color: #5c3b76; --ys-xuq: none; font-kerning: normal;\">Ern\u00e4hrungsberatung<\/span><\/li><\/ul>\t\t\t\t\t\t\t\t<\/div>\n\t\t\t\t<\/div>\n\t\t\t\t\t<\/div>\n\t\t<\/div>\n\t\t\t\t<div class=\"elementor-column elementor-col-50 elementor-top-column elementor-element elementor-element-2bccb08\" data-id=\"2bccb08\" data-element_type=\"column\" data-e-type=\"column\">\n\t\t\t<div class=\"elementor-widget-wrap elementor-element-populated\">\n\t\t\t\t\t\t<div class=\"elementor-element elementor-element-f4be405 elementor-widget elementor-widget-text-editor\" data-id=\"f4be405\" data-element_type=\"widget\" data-e-type=\"widget\" data-widget_type=\"text-editor.default\">\n\t\t\t\t<div class=\"elementor-widget-container\">\n\t\t\t\t\t\t\t\t\t<p class=\"cvGsUA direction-ltr align-center para-style-body\"><span class=\"a_GcMg font-feature-liga-off font-feature-clig-off font-feature-calt-off text-decoration-none text-strikethrough-none\">Termine nach Vereinbarung<\/span><\/p><p class=\"cvGsUA direction-ltr align-center para-style-body\"><span class=\"a_GcMg font-feature-liga-off font-feature-clig-off font-feature-calt-off text-decoration-none text-strikethrough-none\">Tel.: 0151-27082140<\/span><\/p><p class=\"cvGsUA direction-ltr align-center para-style-body\"><span class=\"a_GcMg font-feature-liga-off font-feature-clig-off font-feature-calt-off text-decoration-none text-strikethrough-none\">Mail: heilpraxis@linden-gut.eu<\/span><\/p>\t\t\t\t\t\t\t\t<\/div>\n\t\t\t\t<\/div>\n\t\t\t\t\t<\/div>\n\t\t<\/div>\n\t\t\t\t\t<\/div>\n\t\t<\/section>\n\t\t\t\t<\/div>\n\t\t","protected":false},"excerpt":{"rendered":"<p>Christine Fu\u00df Behandlungsangebot: Rhythmische Einreibungen nach Wegmann-Hauschka Aromatherapie &#8211; auch zur Anwendung in der h\u00e4uslichen Pflege und zur Selbstpflege Klangschalenmassage Fu\u00dfsreflexzonenmassage Dorn-Breuss-Behandlung Matrix-Rhythmus-Therapie Ern\u00e4hrungsberatung Termine nach Vereinbarung Tel.: 0151-27082140 Mail: heilpraxis@linden-gut.eu<\/p>\n","protected":false},"author":1,"featured_media":0,"parent":0,"menu_order":0,"comment_status":"closed","ping_status":"closed","template":"","meta":{"site-sidebar-layout":"no-sidebar","site-content-layout":"page-builder","ast-site-content-layout":"full-width-container","site-content-style":"default","site-sidebar-style":"default","ast-global-header-display":"","ast-banner-title-visibility":"","ast-main-header-display":"","ast-hfb-above-header-display":"","ast-hfb-below-header-display":"","ast-hfb-mobile-header-display":"","site-post-title":"","ast-breadcrumbs-content":"","ast-featured-img":"disabled","footer-sml-layout":"","ast-disable-related-posts":"","theme-transparent-header-meta":"","adv-header-id-meta":"","stick-header-meta":"","header-above-stick-meta":"","header-main-stick-meta":"","header-below-stick-meta":"","astra-migrate-meta-layouts":"set","ast-page-background-enabled":"default","ast-page-background-meta":{"desktop":{"background-color":"","background-image":"","background-repeat":"repeat","background-position":"center center","background-size":"auto","background-attachment":"scroll","background-type":"","background-media":"","overlay-type":"","overlay-color":"","overlay-opacity":"","overlay-gradient":""},"tablet":{"background-color":"","background-image":"","background-repeat":"repeat","background-position":"center center","background-size":"auto","background-attachment":"scroll","background-type":"","background-media":"","overlay-type":"","overlay-color":"","overlay-opacity":"","overlay-gradient":""},"mobile":{"background-color":"","background-image":"","background-repeat":"repeat","background-position":"center center","background-size":"auto","background-attachment":"scroll","background-type":"","background-media":"","overlay-type":"","overlay-color":"","overlay-opacity":"","overlay-gradient":""}},"ast-content-background-meta":{"desktop":{"background-color":"var(--ast-global-color-5)","background-image":"","background-repeat":"repeat","background-position":"center center","background-size":"auto","background-attachment":"scroll","background-type":"","background-media":"","overlay-type":"","overlay-color":"","overlay-opacity":"","overlay-gradient":""},"tablet":{"background-color":"var(--ast-global-color-5)","background-image":"","background-repeat":"repeat","background-position":"center center","background-size":"auto","background-attachment":"scroll","background-type":"","background-media":"","overlay-type":"","overlay-color":"","overlay-opacity":"","overlay-gradient":""},"mobile":{"background-color":"var(--ast-global-color-5)","background-image":"","background-repeat":"repeat","background-position":"center center","background-size":"auto","background-attachment":"scroll","background-type":"","background-media":"","overlay-type":"","overlay-color":"","overlay-opacity":"","overlay-gradient":""}},"footnotes":""},"class_list":["post-10663","page","type-page","status-publish","hentry"],"yoast_head":"<!-- This site is optimized with the Yoast SEO plugin v27.5 - https:\/\/yoast.com\/product\/yoast-seo-wordpress\/ -->\n<title>Aromatherapie, Massagen &amp; Ern\u00e4hrungsberatung I LindenGut Heilpraxis<\/title>\n<meta name=\"description\" content=\"Buchen Sie im LindenGut ihren Termin f\u00fcr Ern\u00e4hrungsberatung \u2713 Aromatherapie \u2713 Klangschalenmassage \u2713 Matrix-Rhythmus-Therapie \u2713 Heilpraxis\" \/>\n<meta name=\"robots\" content=\"index, follow, max-snippet:-1, max-image-preview:large, max-video-preview:-1\" \/>\n<link rel=\"canonical\" href=\"https:\/\/linden-gut.eu\/de\/lindengut-heilpraxis\/\" \/>\n<meta property=\"og:locale\" content=\"de_DE\" \/>\n<meta property=\"og:type\" content=\"article\" \/>\n<meta property=\"og:title\" content=\"Aromatherapie, Massagen &amp; Ern\u00e4hrungsberatung I LindenGut Heilpraxis\" \/>\n<meta property=\"og:description\" content=\"Buchen Sie im LindenGut ihren Termin f\u00fcr Ern\u00e4hrungsberatung \u2713 Aromatherapie \u2713 Klangschalenmassage \u2713 Matrix-Rhythmus-Therapie \u2713 Heilpraxis\" \/>\n<meta property=\"og:url\" content=\"https:\/\/linden-gut.eu\/de\/lindengut-heilpraxis\/\" \/>\n<meta property=\"article:publisher\" content=\"https:\/\/www.facebook.com\/LindenGutDipperz\" \/>\n<meta property=\"article:modified_time\" content=\"2026-03-05T08:42:11+00:00\" \/>\n<meta property=\"og:image\" content=\"https:\/\/linden-gut.eu\/wp-content\/uploads\/2021\/04\/Biohotel-Lindengut-Logo.png\" \/>\n\t<meta property=\"og:image:width\" content=\"1024\" \/>\n\t<meta property=\"og:image:height\" content=\"512\" \/>\n\t<meta property=\"og:image:type\" content=\"image\/png\" \/>\n<meta name=\"twitter:card\" content=\"summary_large_image\" \/>\n<meta name=\"twitter:label1\" content=\"Gesch\u00e4tzte Lesezeit\" \/>\n\t<meta name=\"twitter:data1\" content=\"1\u00a0Minute\" \/>\n<script type=\"application\/ld+json\" class=\"yoast-schema-graph\">{\"@context\":\"https:\\\/\\\/schema.org\",\"@graph\":[{\"@type\":\"WebPage\",\"@id\":\"https:\\\/\\\/linden-gut.eu\\\/de\\\/lindengut-heilpraxis\\\/\",\"url\":\"https:\\\/\\\/linden-gut.eu\\\/de\\\/lindengut-heilpraxis\\\/\",\"name\":\"Aromatherapie, Massagen & Ern\u00e4hrungsberatung I LindenGut Heilpraxis\",\"isPartOf\":{\"@id\":\"https:\\\/\\\/linden-gut.eu\\\/de\\\/#website\"},\"datePublished\":\"2026-01-09T10:53:36+00:00\",\"dateModified\":\"2026-03-05T08:42:11+00:00\",\"description\":\"Buchen Sie im LindenGut ihren Termin f\u00fcr Ern\u00e4hrungsberatung \u2713 Aromatherapie \u2713 Klangschalenmassage \u2713 Matrix-Rhythmus-Therapie \u2713 Heilpraxis\",\"breadcrumb\":{\"@id\":\"https:\\\/\\\/linden-gut.eu\\\/de\\\/lindengut-heilpraxis\\\/#breadcrumb\"},\"inLanguage\":\"de\",\"potentialAction\":[{\"@type\":\"ReadAction\",\"target\":[\"https:\\\/\\\/linden-gut.eu\\\/de\\\/lindengut-heilpraxis\\\/\"]}]},{\"@type\":\"BreadcrumbList\",\"@id\":\"https:\\\/\\\/linden-gut.eu\\\/de\\\/lindengut-heilpraxis\\\/#breadcrumb\",\"itemListElement\":[{\"@type\":\"ListItem\",\"position\":1,\"name\":\"Startseite\",\"item\":\"https:\\\/\\\/linden-gut.eu\\\/de\\\/\"},{\"@type\":\"ListItem\",\"position\":2,\"name\":\"LindenGut Heilpraxis\"}]},{\"@type\":\"WebSite\",\"@id\":\"https:\\\/\\\/linden-gut.eu\\\/de\\\/#website\",\"url\":\"https:\\\/\\\/linden-gut.eu\\\/de\\\/\",\"name\":\"LindenGut\",\"description\":\"Nachhaltiger Genuss und Komfort \u2013 Bio-Qualit\u00e4t in Hotel, Herberge, Hofladen und mehr.\",\"publisher\":{\"@id\":\"https:\\\/\\\/linden-gut.eu\\\/de\\\/#organization\"},\"potentialAction\":[{\"@type\":\"SearchAction\",\"target\":{\"@type\":\"EntryPoint\",\"urlTemplate\":\"https:\\\/\\\/linden-gut.eu\\\/de\\\/?s={search_term_string}\"},\"query-input\":{\"@type\":\"PropertyValueSpecification\",\"valueRequired\":true,\"valueName\":\"search_term_string\"}}],\"inLanguage\":\"de\"},{\"@type\":\"Organization\",\"@id\":\"https:\\\/\\\/linden-gut.eu\\\/de\\\/#organization\",\"name\":\"LindenGut GmbH & Co. KG\",\"url\":\"https:\\\/\\\/linden-gut.eu\\\/de\\\/\",\"logo\":{\"@type\":\"ImageObject\",\"inLanguage\":\"de\",\"@id\":\"https:\\\/\\\/linden-gut.eu\\\/de\\\/#\\\/schema\\\/logo\\\/image\\\/\",\"url\":\"https:\\\/\\\/linden-gut.eu\\\/wp-content\\\/uploads\\\/2021\\\/04\\\/Biohotel-Lindengut-Favicon.png\",\"contentUrl\":\"https:\\\/\\\/linden-gut.eu\\\/wp-content\\\/uploads\\\/2021\\\/04\\\/Biohotel-Lindengut-Favicon.png\",\"width\":712,\"height\":712,\"caption\":\"LindenGut GmbH & Co. KG\"},\"image\":{\"@id\":\"https:\\\/\\\/linden-gut.eu\\\/de\\\/#\\\/schema\\\/logo\\\/image\\\/\"},\"sameAs\":[\"https:\\\/\\\/www.facebook.com\\\/LindenGutDipperz\",\"https:\\\/\\\/www.instagram.com\\\/lindengut_biohotel\\\/\",\"http:\\\/\\\/www.youtube.com\\\/@lindengutwegweiser2448\"]}]}<\/script>\n<!-- \/ Yoast SEO plugin. -->","yoast_head_json":{"title":"Aromatherapie, Massagen & Ern\u00e4hrungsberatung I LindenGut Heilpraxis","description":"Buchen Sie im LindenGut ihren Termin f\u00fcr Ern\u00e4hrungsberatung \u2713 Aromatherapie \u2713 Klangschalenmassage \u2713 Matrix-Rhythmus-Therapie \u2713 Heilpraxis","robots":{"index":"index","follow":"follow","max-snippet":"max-snippet:-1","max-image-preview":"max-image-preview:large","max-video-preview":"max-video-preview:-1"},"canonical":"https:\/\/linden-gut.eu\/de\/lindengut-heilpraxis\/","og_locale":"de_DE","og_type":"article","og_title":"Aromatherapie, Massagen & Ern\u00e4hrungsberatung I LindenGut Heilpraxis","og_description":"Buchen Sie im LindenGut ihren Termin f\u00fcr Ern\u00e4hrungsberatung \u2713 Aromatherapie \u2713 Klangschalenmassage \u2713 Matrix-Rhythmus-Therapie \u2713 Heilpraxis","og_url":"https:\/\/linden-gut.eu\/de\/lindengut-heilpraxis\/","article_publisher":"https:\/\/www.facebook.com\/LindenGutDipperz","article_modified_time":"2026-03-05T08:42:11+00:00","og_image":[{"width":1024,"height":512,"url":"https:\/\/linden-gut.eu\/wp-content\/uploads\/2021\/04\/Biohotel-Lindengut-Logo.png","type":"image\/png"}],"twitter_card":"summary_large_image","twitter_misc":{"Gesch\u00e4tzte Lesezeit":"1\u00a0Minute"},"schema":{"@context":"https:\/\/schema.org","@graph":[{"@type":"WebPage","@id":"https:\/\/linden-gut.eu\/de\/lindengut-heilpraxis\/","url":"https:\/\/linden-gut.eu\/de\/lindengut-heilpraxis\/","name":"Aromatherapie, Massagen & Ern\u00e4hrungsberatung I LindenGut Heilpraxis","isPartOf":{"@id":"https:\/\/linden-gut.eu\/de\/#website"},"datePublished":"2026-01-09T10:53:36+00:00","dateModified":"2026-03-05T08:42:11+00:00","description":"Buchen Sie im LindenGut ihren Termin f\u00fcr Ern\u00e4hrungsberatung \u2713 Aromatherapie \u2713 Klangschalenmassage \u2713 Matrix-Rhythmus-Therapie \u2713 Heilpraxis","breadcrumb":{"@id":"https:\/\/linden-gut.eu\/de\/lindengut-heilpraxis\/#breadcrumb"},"inLanguage":"de","potentialAction":[{"@type":"ReadAction","target":["https:\/\/linden-gut.eu\/de\/lindengut-heilpraxis\/"]}]},{"@type":"BreadcrumbList","@id":"https:\/\/linden-gut.eu\/de\/lindengut-heilpraxis\/#breadcrumb","itemListElement":[{"@type":"ListItem","position":1,"name":"Startseite","item":"https:\/\/linden-gut.eu\/de\/"},{"@type":"ListItem","position":2,"name":"LindenGut Heilpraxis"}]},{"@type":"WebSite","@id":"https:\/\/linden-gut.eu\/de\/#website","url":"https:\/\/linden-gut.eu\/de\/","name":"LindenGut","description":"Nachhaltiger Genuss und Komfort \u2013 Bio-Qualit\u00e4t in Hotel, Herberge, Hofladen und mehr.","publisher":{"@id":"https:\/\/linden-gut.eu\/de\/#organization"},"potentialAction":[{"@type":"SearchAction","target":{"@type":"EntryPoint","urlTemplate":"https:\/\/linden-gut.eu\/de\/?s={search_term_string}"},"query-input":{"@type":"PropertyValueSpecification","valueRequired":true,"valueName":"search_term_string"}}],"inLanguage":"de"},{"@type":"Organization","@id":"https:\/\/linden-gut.eu\/de\/#organization","name":"LindenGut GmbH & Co. KG","url":"https:\/\/linden-gut.eu\/de\/","logo":{"@type":"ImageObject","inLanguage":"de","@id":"https:\/\/linden-gut.eu\/de\/#\/schema\/logo\/image\/","url":"https:\/\/linden-gut.eu\/wp-content\/uploads\/2021\/04\/Biohotel-Lindengut-Favicon.png","contentUrl":"https:\/\/linden-gut.eu\/wp-content\/uploads\/2021\/04\/Biohotel-Lindengut-Favicon.png","width":712,"height":712,"caption":"LindenGut GmbH & Co. KG"},"image":{"@id":"https:\/\/linden-gut.eu\/de\/#\/schema\/logo\/image\/"},"sameAs":["https:\/\/www.facebook.com\/LindenGutDipperz","https:\/\/www.instagram.com\/lindengut_biohotel\/","http:\/\/www.youtube.com\/@lindengutwegweiser2448"]}]}},"_links":{"self":[{"href":"https:\/\/linden-gut.eu\/de\/wp-json\/wp\/v2\/pages\/10663","targetHints":{"allow":["GET"]}}],"collection":[{"href":"https:\/\/linden-gut.eu\/de\/wp-json\/wp\/v2\/pages"}],"about":[{"href":"https:\/\/linden-gut.eu\/de\/wp-json\/wp\/v2\/types\/page"}],"author":[{"embeddable":true,"href":"https:\/\/linden-gut.eu\/de\/wp-json\/wp\/v2\/users\/1"}],"replies":[{"embeddable":true,"href":"https:\/\/linden-gut.eu\/de\/wp-json\/wp\/v2\/comments?post=10663"}],"version-history":[{"count":3,"href":"https:\/\/linden-gut.eu\/de\/wp-json\/wp\/v2\/pages\/10663\/revisions"}],"predecessor-version":[{"id":10670,"href":"https:\/\/linden-gut.eu\/de\/wp-json\/wp\/v2\/pages\/10663\/revisions\/10670"}],"wp:attachment":[{"href":"https:\/\/linden-gut.eu\/de\/wp-json\/wp\/v2\/media?parent=10663"}],"curies":[{"name":"wp","href":"https:\/\/api.w.org\/{rel}","templated":true}]}}