{"id":10160,"date":"2025-07-29T18:43:16","date_gmt":"2025-07-29T18:43:16","guid":{"rendered":"https:\/\/b36oyymf.myrdbx.io\/?page_id=10160"},"modified":"2025-07-29T19:03:14","modified_gmt":"2025-07-29T19:03:14","slug":"barrierefreiheit","status":"publish","type":"page","link":"https:\/\/linden-gut.eu\/de\/barrierefreiheit\/","title":{"rendered":"Barrierefreiheit"},"content":{"rendered":"\t\t<div data-elementor-type=\"wp-page\" data-elementor-id=\"10160\" class=\"elementor elementor-10160\" data-elementor-post-type=\"page\">\n\t\t\t\t\t\t<section class=\"elementor-section elementor-top-section elementor-element elementor-element-ea003db elementor-section-full_width elementor-hidden-phone elementor-section-height-default elementor-section-height-default\" data-id=\"ea003db\" data-element_type=\"section\" data-e-type=\"section\">\n\t\t\t\t\t\t<div class=\"elementor-container elementor-column-gap-default\">\n\t\t\t\t\t<div class=\"elementor-column elementor-col-100 elementor-top-column elementor-element elementor-element-553fe40\" data-id=\"553fe40\" data-element_type=\"column\" data-e-type=\"column\">\n\t\t\t<div class=\"elementor-widget-wrap elementor-element-populated\">\n\t\t\t\t\t\t<div class=\"elementor-element elementor-element-fe2ca75 elementor--h-position-center elementor--v-position-middle elementor-arrows-position-inside elementor-pagination-position-inside elementor-widget elementor-widget-slides\" data-id=\"fe2ca75\" data-element_type=\"widget\" data-e-type=\"widget\" data-settings=\"{&quot;navigation&quot;:&quot;both&quot;,&quot;autoplay&quot;:&quot;yes&quot;,&quot;pause_on_hover&quot;:&quot;yes&quot;,&quot;pause_on_interaction&quot;:&quot;yes&quot;,&quot;autoplay_speed&quot;:5000,&quot;infinite&quot;:&quot;yes&quot;,&quot;transition&quot;:&quot;slide&quot;,&quot;transition_speed&quot;:500}\" data-widget_type=\"slides.default\">\n\t\t\t\t<div class=\"elementor-widget-container\">\n\t\t\t\t\t\t\t\t\t<div class=\"elementor-swiper\">\n\t\t\t\t\t<div class=\"elementor-slides-wrapper elementor-main-swiper swiper\" role=\"region\" aria-roledescription=\"carousel\" aria-label=\"Slider\" dir=\"ltr\" data-animation=\"fadeInUp\">\n\t\t\t\t<div class=\"swiper-wrapper elementor-slides\">\n\t\t\t\t\t\t\t\t\t\t<div class=\"elementor-repeater-item-373c7a5 swiper-slide\" role=\"group\" aria-roledescription=\"slide\"><div class=\"swiper-slide-bg\" role=\"img\" aria-label=\"Biohotel Lindengut nachhaltiges Hotel\"><\/div><div class=\"swiper-slide-inner\" ><div class=\"swiper-slide-contents\"><\/div><\/div><\/div>\t\t\t\t<\/div>\n\t\t\t\t\t\t\t<\/div>\n\t\t\t\t<\/div>\n\t\t\t\t\t\t\t\t<\/div>\n\t\t\t\t<\/div>\n\t\t\t\t\t<\/div>\n\t\t<\/div>\n\t\t\t\t\t<\/div>\n\t\t<\/section>\n\t\t\t\t<section class=\"elementor-section elementor-top-section elementor-element elementor-element-3fc0052 elementor-section-boxed elementor-section-height-default elementor-section-height-default\" data-id=\"3fc0052\" data-element_type=\"section\" data-e-type=\"section\">\n\t\t\t\t\t\t<div class=\"elementor-container elementor-column-gap-default\">\n\t\t\t\t\t<div class=\"elementor-column elementor-col-100 elementor-top-column elementor-element elementor-element-c263908\" data-id=\"c263908\" data-element_type=\"column\" data-e-type=\"column\" data-settings=\"{&quot;background_background&quot;:&quot;classic&quot;}\">\n\t\t\t<div class=\"elementor-widget-wrap elementor-element-populated\">\n\t\t\t\t\t\t<div class=\"elementor-element elementor-element-e41fdbd elementor-widget elementor-widget-spacer\" data-id=\"e41fdbd\" data-element_type=\"widget\" data-e-type=\"widget\" data-widget_type=\"spacer.default\">\n\t\t\t\t<div class=\"elementor-widget-container\">\n\t\t\t\t\t\t\t<div class=\"elementor-spacer\">\n\t\t\t<div class=\"elementor-spacer-inner\"><\/div>\n\t\t<\/div>\n\t\t\t\t\t\t<\/div>\n\t\t\t\t<\/div>\n\t\t\t\t<div class=\"elementor-element elementor-element-66a82d7 elementor-widget elementor-widget-heading\" data-id=\"66a82d7\" data-element_type=\"widget\" data-e-type=\"widget\" data-widget_type=\"heading.default\">\n\t\t\t\t<div class=\"elementor-widget-container\">\n\t\t\t\t\t<h1 class=\"elementor-heading-title elementor-size-default\">Erkl\u00e4rung zur Barrierefreiheit<\/h1>\t\t\t\t<\/div>\n\t\t\t\t<\/div>\n\t\t\t\t<div class=\"elementor-element elementor-element-4bd3710 elementor-widget elementor-widget-text-editor\" data-id=\"4bd3710\" data-element_type=\"widget\" data-e-type=\"widget\" data-widget_type=\"text-editor.default\">\n\t\t\t\t<div class=\"elementor-widget-container\">\n\t\t\t\t\t\t\t\t\t<p>Wir (Bio-G\u00e4stehaus &amp; Bio-Herberge LindenGut) als Websitebetreiber sind bem\u00fcht, die Website in Einklang mit den einschl\u00e4gigen Vorschriften zur Barrierefreiheit zu gestalten. F\u00fcr uns gelten folgende Rechtsvorschriften:<\/p><p>Hessisches Gesetz zur Gleichstellung von Menschen mit Behinderungen (Hessisches Behinderten-Gleichstellungsgesetz &#8211; HessBGG) und Hessische Verordnung \u00fcber barrierefreie Informationstechnik (BITV HE 2019)<\/p><p><strong>Website<\/strong><br \/>Diese Erkl\u00e4rung zur Barrierefreiheit gilt f\u00fcr die Website https:\/\/www.linden-gut.eu, sowie den dazugeh\u00f6rigen Subdomains.<\/p><p><strong>Feedback und Kontaktangaben<\/strong><br \/>Sind Ihnen M\u00e4ngel beim barrierefreien Zugang zu Inhalten auf unserer Website aufgefallen oder haben Sie Anmerkungen sowie Fragen zum barrierefreien Zugang? Melden Sie sich gerne bei uns unter:<\/p><p>W-E-G GmbH<br \/>Kohlgrunder Weg 1<br \/>36160 Dipperz<br \/>Tel.: <a href=\"tel:+4966579810\">+49 6657 981-0<\/a><br \/>Fax: +49 6657 981-18<br \/>E-Mail: <a href=\"mailto:information@linden-gut.eu\">information@linden-gut.eu<\/a><br \/><a href=\"https:\/\/linden-gut.eu\/kontakt\/\">https:\/\/linden-gut.eu\/kontakt\/<\/a><\/p><p><strong>Stand der Vereinbarkeit mit den Anforderungen<\/strong><br \/>Diese Website wird derzeit auf ihre Vereinbarkeit mit den Vorgaben zur Barrierefreiheit \u00fcberpr\u00fcft. Sobald die Ergebnisse vorliegen, werden wir sie an dieser Stelle ver\u00f6ffentlichen.<\/p><p><strong>Durchsetzungsverfahren<\/strong><br \/>Sollten Sie der Ansicht sein, dass Sie durch eine nicht ausreichende barrierefreie Gestaltung unserer Website benachteiligt sind, k\u00f6nnen Sie sich an die zust\u00e4ndige Durchsetzungsstelle wenden. Diese erreichen Sie unter:<\/p><p>Landesbeauftragte f\u00fcr barrierefreie IT<br \/>Neue B\u00e4ue 2<br \/>35390 Gie\u00dfen<\/p><p>Telefon: 0641 303-2901<br \/>E-Mail: ueberwachung-lbit@rpgi.hessen.de<\/p><p><strong>Erstellung dieser Erkl\u00e4rung zur Barrierefreiheit<\/strong><br \/>Diese Erkl\u00e4rung wurde am 03.07.2025 erstellt.<br \/>Die Erkl\u00e4rung wurde zuletzt am 29.07.2025 \u00fcberpr\u00fcft.<\/p>\t\t\t\t\t\t\t\t<\/div>\n\t\t\t\t<\/div>\n\t\t\t\t\t<\/div>\n\t\t<\/div>\n\t\t\t\t\t<\/div>\n\t\t<\/section>\n\t\t\t\t<section class=\"elementor-section elementor-top-section elementor-element elementor-element-4185d56 elementor-section-boxed elementor-section-height-default elementor-section-height-default\" data-id=\"4185d56\" data-element_type=\"section\" data-e-type=\"section\">\n\t\t\t\t\t\t<div class=\"elementor-container elementor-column-gap-default\">\n\t\t\t\t\t<div class=\"elementor-column elementor-col-100 elementor-top-column elementor-element elementor-element-8fe448b\" data-id=\"8fe448b\" data-element_type=\"column\" data-e-type=\"column\">\n\t\t\t<div class=\"elementor-widget-wrap elementor-element-populated\">\n\t\t\t\t\t\t<div class=\"elementor-element elementor-element-a18454e elementor-widget elementor-widget-spacer\" data-id=\"a18454e\" data-element_type=\"widget\" data-e-type=\"widget\" data-widget_type=\"spacer.default\">\n\t\t\t\t<div class=\"elementor-widget-container\">\n\t\t\t\t\t\t\t<div class=\"elementor-spacer\">\n\t\t\t<div class=\"elementor-spacer-inner\"><\/div>\n\t\t<\/div>\n\t\t\t\t\t\t<\/div>\n\t\t\t\t<\/div>\n\t\t\t\t\t<\/div>\n\t\t<\/div>\n\t\t\t\t\t<\/div>\n\t\t<\/section>\n\t\t\t\t<\/div>\n\t\t","protected":false},"excerpt":{"rendered":"<p>Erkl\u00e4rung zur Barrierefreiheit Wir (Bio-G\u00e4stehaus &amp; Bio-Herberge LindenGut) als Websitebetreiber sind bem\u00fcht, die Website in Einklang mit den einschl\u00e4gigen Vorschriften zur Barrierefreiheit zu gestalten. F\u00fcr uns gelten folgende Rechtsvorschriften: Hessisches Gesetz zur Gleichstellung von Menschen mit Behinderungen (Hessisches Behinderten-Gleichstellungsgesetz &#8211; HessBGG) und Hessische Verordnung \u00fcber barrierefreie Informationstechnik (BITV HE 2019) WebsiteDiese Erkl\u00e4rung zur Barrierefreiheit gilt [&hellip;]<\/p>\n","protected":false},"author":6,"featured_media":0,"parent":0,"menu_order":0,"comment_status":"closed","ping_status":"closed","template":"","meta":{"site-sidebar-layout":"no-sidebar","site-content-layout":"page-builder","ast-site-content-layout":"full-width-container","site-content-style":"unboxed","site-sidebar-style":"unboxed","ast-global-header-display":"","ast-banner-title-visibility":"","ast-main-header-display":"","ast-hfb-above-header-display":"","ast-hfb-below-header-display":"","ast-hfb-mobile-header-display":"","site-post-title":"disabled","ast-breadcrumbs-content":"","ast-featured-img":"disabled","footer-sml-layout":"","ast-disable-related-posts":"","theme-transparent-header-meta":"default","adv-header-id-meta":"","stick-header-meta":"default","header-above-stick-meta":"","header-main-stick-meta":"","header-below-stick-meta":"","astra-migrate-meta-layouts":"set","ast-page-background-enabled":"default","ast-page-background-meta":{"desktop":{"background-color":"","background-image":"","background-repeat":"repeat","background-position":"center center","background-size":"auto","background-attachment":"scroll","background-type":"","background-media":"","overlay-type":"","overlay-color":"","overlay-opacity":"","overlay-gradient":""},"tablet":{"background-color":"","background-image":"","background-repeat":"repeat","background-position":"center center","background-size":"auto","background-attachment":"scroll","background-type":"","background-media":"","overlay-type":"","overlay-color":"","overlay-opacity":"","overlay-gradient":""},"mobile":{"background-color":"","background-image":"","background-repeat":"repeat","background-position":"center center","background-size":"auto","background-attachment":"scroll","background-type":"","background-media":"","overlay-type":"","overlay-color":"","overlay-opacity":"","overlay-gradient":""}},"ast-content-background-meta":{"desktop":{"background-color":"var(--ast-global-color-5)","background-image":"","background-repeat":"repeat","background-position":"center center","background-size":"auto","background-attachment":"scroll","background-type":"","background-media":"","overlay-type":"","overlay-color":"","overlay-opacity":"","overlay-gradient":""},"tablet":{"background-color":"var(--ast-global-color-5)","background-image":"","background-repeat":"repeat","background-position":"center center","background-size":"auto","background-attachment":"scroll","background-type":"","background-media":"","overlay-type":"","overlay-color":"","overlay-opacity":"","overlay-gradient":""},"mobile":{"background-color":"var(--ast-global-color-5)","background-image":"","background-repeat":"repeat","background-position":"center center","background-size":"auto","background-attachment":"scroll","background-type":"","background-media":"","overlay-type":"","overlay-color":"","overlay-opacity":"","overlay-gradient":""}},"footnotes":""},"class_list":["post-10160","page","type-page","status-publish","hentry"],"yoast_head":"<!-- This site is optimized with the Yoast SEO plugin v27.6 - https:\/\/yoast.com\/product\/yoast-seo-wordpress\/ -->\n<title>Datenschutzerkl\u00e4rung | LindenGut<\/title>\n<meta name=\"description\" content=\"Der Schutz Ihrer pers\u00f6nlichen Daten ist uns ein besonderes Anliegen. Details dazu finden Sie in unserer Datenschutzerkl\u00e4rung \u27a8 Jetzt mehr erfahren!\" \/>\n<meta name=\"robots\" content=\"index, follow, max-snippet:-1, max-image-preview:large, max-video-preview:-1\" \/>\n<link rel=\"canonical\" href=\"https:\/\/linden-gut.eu\/de\/barrierefreiheit\/\" \/>\n<meta property=\"og:locale\" content=\"de_DE\" \/>\n<meta property=\"og:type\" content=\"article\" \/>\n<meta property=\"og:title\" content=\"Datenschutzerkl\u00e4rung | LindenGut\" \/>\n<meta property=\"og:description\" content=\"Der Schutz Ihrer pers\u00f6nlichen Daten ist uns ein besonderes Anliegen. Details dazu finden Sie in unserer Datenschutzerkl\u00e4rung \u27a8 Jetzt mehr erfahren!\" \/>\n<meta property=\"og:url\" content=\"https:\/\/linden-gut.eu\/de\/barrierefreiheit\/\" \/>\n<meta property=\"article:publisher\" content=\"https:\/\/www.facebook.com\/LindenGutDipperz\" \/>\n<meta property=\"article:modified_time\" content=\"2025-07-29T19:03:14+00:00\" \/>\n<meta property=\"og:image\" content=\"https:\/\/linden-gut.eu\/wp-content\/uploads\/2021\/04\/Biohotel-Lindengut-Logo.png\" \/>\n\t<meta property=\"og:image:width\" content=\"1024\" \/>\n\t<meta property=\"og:image:height\" content=\"512\" \/>\n\t<meta property=\"og:image:type\" content=\"image\/png\" \/>\n<meta name=\"twitter:card\" content=\"summary_large_image\" \/>\n<meta name=\"twitter:label1\" content=\"Gesch\u00e4tzte Lesezeit\" \/>\n\t<meta name=\"twitter:data1\" content=\"2\u00a0Minuten\" \/>\n<script type=\"application\/ld+json\" class=\"yoast-schema-graph\">{\"@context\":\"https:\\\/\\\/schema.org\",\"@graph\":[{\"@type\":\"WebPage\",\"@id\":\"https:\\\/\\\/linden-gut.eu\\\/de\\\/barrierefreiheit\\\/\",\"url\":\"https:\\\/\\\/linden-gut.eu\\\/de\\\/barrierefreiheit\\\/\",\"name\":\"Datenschutzerkl\u00e4rung | LindenGut\",\"isPartOf\":{\"@id\":\"https:\\\/\\\/linden-gut.eu\\\/de\\\/#website\"},\"datePublished\":\"2025-07-29T18:43:16+00:00\",\"dateModified\":\"2025-07-29T19:03:14+00:00\",\"description\":\"Der Schutz Ihrer pers\u00f6nlichen Daten ist uns ein besonderes Anliegen. Details dazu finden Sie in unserer Datenschutzerkl\u00e4rung \u27a8 Jetzt mehr erfahren!\",\"breadcrumb\":{\"@id\":\"https:\\\/\\\/linden-gut.eu\\\/de\\\/barrierefreiheit\\\/#breadcrumb\"},\"inLanguage\":\"de\",\"potentialAction\":[{\"@type\":\"ReadAction\",\"target\":[\"https:\\\/\\\/linden-gut.eu\\\/de\\\/barrierefreiheit\\\/\"]}]},{\"@type\":\"BreadcrumbList\",\"@id\":\"https:\\\/\\\/linden-gut.eu\\\/de\\\/barrierefreiheit\\\/#breadcrumb\",\"itemListElement\":[{\"@type\":\"ListItem\",\"position\":1,\"name\":\"Startseite\",\"item\":\"https:\\\/\\\/linden-gut.eu\\\/de\\\/\"},{\"@type\":\"ListItem\",\"position\":2,\"name\":\"Barrierefreiheit\"}]},{\"@type\":\"WebSite\",\"@id\":\"https:\\\/\\\/linden-gut.eu\\\/de\\\/#website\",\"url\":\"https:\\\/\\\/linden-gut.eu\\\/de\\\/\",\"name\":\"LindenGut\",\"description\":\"Nachhaltiger Genuss und Komfort \u2013 Bio-Qualit\u00e4t in Hotel, Herberge, Hofladen und mehr.\",\"publisher\":{\"@id\":\"https:\\\/\\\/linden-gut.eu\\\/de\\\/#organization\"},\"potentialAction\":[{\"@type\":\"SearchAction\",\"target\":{\"@type\":\"EntryPoint\",\"urlTemplate\":\"https:\\\/\\\/linden-gut.eu\\\/de\\\/?s={search_term_string}\"},\"query-input\":{\"@type\":\"PropertyValueSpecification\",\"valueRequired\":true,\"valueName\":\"search_term_string\"}}],\"inLanguage\":\"de\"},{\"@type\":\"Organization\",\"@id\":\"https:\\\/\\\/linden-gut.eu\\\/de\\\/#organization\",\"name\":\"LindenGut GmbH & Co. KG\",\"url\":\"https:\\\/\\\/linden-gut.eu\\\/de\\\/\",\"logo\":{\"@type\":\"ImageObject\",\"inLanguage\":\"de\",\"@id\":\"https:\\\/\\\/linden-gut.eu\\\/de\\\/#\\\/schema\\\/logo\\\/image\\\/\",\"url\":\"https:\\\/\\\/linden-gut.eu\\\/wp-content\\\/uploads\\\/2021\\\/04\\\/Biohotel-Lindengut-Favicon.png\",\"contentUrl\":\"https:\\\/\\\/linden-gut.eu\\\/wp-content\\\/uploads\\\/2021\\\/04\\\/Biohotel-Lindengut-Favicon.png\",\"width\":712,\"height\":712,\"caption\":\"LindenGut GmbH & Co. KG\"},\"image\":{\"@id\":\"https:\\\/\\\/linden-gut.eu\\\/de\\\/#\\\/schema\\\/logo\\\/image\\\/\"},\"sameAs\":[\"https:\\\/\\\/www.facebook.com\\\/LindenGutDipperz\",\"https:\\\/\\\/www.instagram.com\\\/lindengut_biohotel\\\/\",\"http:\\\/\\\/www.youtube.com\\\/@lindengutwegweiser2448\"]}]}<\/script>\n<!-- \/ Yoast SEO plugin. -->","yoast_head_json":{"title":"Datenschutzerkl\u00e4rung | LindenGut","description":"Der Schutz Ihrer pers\u00f6nlichen Daten ist uns ein besonderes Anliegen. Details dazu finden Sie in unserer Datenschutzerkl\u00e4rung \u27a8 Jetzt mehr erfahren!","robots":{"index":"index","follow":"follow","max-snippet":"max-snippet:-1","max-image-preview":"max-image-preview:large","max-video-preview":"max-video-preview:-1"},"canonical":"https:\/\/linden-gut.eu\/de\/barrierefreiheit\/","og_locale":"de_DE","og_type":"article","og_title":"Datenschutzerkl\u00e4rung | LindenGut","og_description":"Der Schutz Ihrer pers\u00f6nlichen Daten ist uns ein besonderes Anliegen. Details dazu finden Sie in unserer Datenschutzerkl\u00e4rung \u27a8 Jetzt mehr erfahren!","og_url":"https:\/\/linden-gut.eu\/de\/barrierefreiheit\/","article_publisher":"https:\/\/www.facebook.com\/LindenGutDipperz","article_modified_time":"2025-07-29T19:03:14+00:00","og_image":[{"width":1024,"height":512,"url":"https:\/\/linden-gut.eu\/wp-content\/uploads\/2021\/04\/Biohotel-Lindengut-Logo.png","type":"image\/png"}],"twitter_card":"summary_large_image","twitter_misc":{"Gesch\u00e4tzte Lesezeit":"2\u00a0Minuten"},"schema":{"@context":"https:\/\/schema.org","@graph":[{"@type":"WebPage","@id":"https:\/\/linden-gut.eu\/de\/barrierefreiheit\/","url":"https:\/\/linden-gut.eu\/de\/barrierefreiheit\/","name":"Datenschutzerkl\u00e4rung | LindenGut","isPartOf":{"@id":"https:\/\/linden-gut.eu\/de\/#website"},"datePublished":"2025-07-29T18:43:16+00:00","dateModified":"2025-07-29T19:03:14+00:00","description":"Der Schutz Ihrer pers\u00f6nlichen Daten ist uns ein besonderes Anliegen. Details dazu finden Sie in unserer Datenschutzerkl\u00e4rung \u27a8 Jetzt mehr erfahren!","breadcrumb":{"@id":"https:\/\/linden-gut.eu\/de\/barrierefreiheit\/#breadcrumb"},"inLanguage":"de","potentialAction":[{"@type":"ReadAction","target":["https:\/\/linden-gut.eu\/de\/barrierefreiheit\/"]}]},{"@type":"BreadcrumbList","@id":"https:\/\/linden-gut.eu\/de\/barrierefreiheit\/#breadcrumb","itemListElement":[{"@type":"ListItem","position":1,"name":"Startseite","item":"https:\/\/linden-gut.eu\/de\/"},{"@type":"ListItem","position":2,"name":"Barrierefreiheit"}]},{"@type":"WebSite","@id":"https:\/\/linden-gut.eu\/de\/#website","url":"https:\/\/linden-gut.eu\/de\/","name":"LindenGut","description":"Nachhaltiger Genuss und Komfort \u2013 Bio-Qualit\u00e4t in Hotel, Herberge, Hofladen und mehr.","publisher":{"@id":"https:\/\/linden-gut.eu\/de\/#organization"},"potentialAction":[{"@type":"SearchAction","target":{"@type":"EntryPoint","urlTemplate":"https:\/\/linden-gut.eu\/de\/?s={search_term_string}"},"query-input":{"@type":"PropertyValueSpecification","valueRequired":true,"valueName":"search_term_string"}}],"inLanguage":"de"},{"@type":"Organization","@id":"https:\/\/linden-gut.eu\/de\/#organization","name":"LindenGut GmbH & Co. KG","url":"https:\/\/linden-gut.eu\/de\/","logo":{"@type":"ImageObject","inLanguage":"de","@id":"https:\/\/linden-gut.eu\/de\/#\/schema\/logo\/image\/","url":"https:\/\/linden-gut.eu\/wp-content\/uploads\/2021\/04\/Biohotel-Lindengut-Favicon.png","contentUrl":"https:\/\/linden-gut.eu\/wp-content\/uploads\/2021\/04\/Biohotel-Lindengut-Favicon.png","width":712,"height":712,"caption":"LindenGut GmbH & Co. KG"},"image":{"@id":"https:\/\/linden-gut.eu\/de\/#\/schema\/logo\/image\/"},"sameAs":["https:\/\/www.facebook.com\/LindenGutDipperz","https:\/\/www.instagram.com\/lindengut_biohotel\/","http:\/\/www.youtube.com\/@lindengutwegweiser2448"]}]}},"_links":{"self":[{"href":"https:\/\/linden-gut.eu\/de\/wp-json\/wp\/v2\/pages\/10160","targetHints":{"allow":["GET"]}}],"collection":[{"href":"https:\/\/linden-gut.eu\/de\/wp-json\/wp\/v2\/pages"}],"about":[{"href":"https:\/\/linden-gut.eu\/de\/wp-json\/wp\/v2\/types\/page"}],"author":[{"embeddable":true,"href":"https:\/\/linden-gut.eu\/de\/wp-json\/wp\/v2\/users\/6"}],"replies":[{"embeddable":true,"href":"https:\/\/linden-gut.eu\/de\/wp-json\/wp\/v2\/comments?post=10160"}],"version-history":[{"count":3,"href":"https:\/\/linden-gut.eu\/de\/wp-json\/wp\/v2\/pages\/10160\/revisions"}],"predecessor-version":[{"id":10181,"href":"https:\/\/linden-gut.eu\/de\/wp-json\/wp\/v2\/pages\/10160\/revisions\/10181"}],"wp:attachment":[{"href":"https:\/\/linden-gut.eu\/de\/wp-json\/wp\/v2\/media?parent=10160"}],"curies":[{"name":"wp","href":"https:\/\/api.w.org\/{rel}","templated":true}]}}